{"id":620,"date":"2023-09-04T21:06:04","date_gmt":"2023-09-04T19:06:04","guid":{"rendered":"https:\/\/puertoacapulco.com.mx\/?page_id=620"},"modified":"2024-07-18T12:27:22","modified_gmt":"2024-07-18T18:27:22","slug":"proteccion-de-datos-personales","status":"publish","type":"page","link":"https:\/\/puertoacapulco.com.mx\/index.php\/proteccion-de-datos-personales\/","title":{"rendered":"Protecci\u00f3n de datos personales"},"content":{"rendered":"\n<p class=\"has-black-color has-text-color\"><\/p>\n\n\n\n<p style=\"text-align: justify; text-transform: none;\">La Administraci\u00f3n del Sistema Portuario Nacional de Acapulco te informa sobre el tratamiento de tus datos personales en su posesi\u00f3n, cumpliendo con los principios y obligaciones establecidas en la normatividad aplicable en materia de Protecci\u00f3n de datos personales.<\/p>\n","protected":false},"excerpt":{"rendered":"<p>La Administraci\u00f3n del Sistema Portuario Nacional de Acapulco te informa sobre el tratamiento de tus datos personales en su posesi\u00f3n,<\/p>\n","protected":false},"author":1,"featured_media":0,"parent":0,"menu_order":0,"comment_status":"closed","ping_status":"closed","template":"","meta":{"footnotes":""},"aioseo_notices":[],"yoast_head":"<!-- This site is optimized with the Yoast SEO plugin v22.1 - https:\/\/yoast.com\/wordpress\/plugins\/seo\/ -->\n<title>Protecci\u00f3n de datos personales - ASIPONA ACAPULCO<\/title>\n<meta name=\"robots\" content=\"index, follow, max-snippet:-1, max-image-preview:large, max-video-preview:-1\" \/>\n<link rel=\"canonical\" href=\"https:\/\/puertoacapulco.com.mx\/index.php\/proteccion-de-datos-personales\/\" \/>\n<meta property=\"og:locale\" content=\"es_ES\" \/>\n<meta property=\"og:type\" content=\"article\" \/>\n<meta property=\"og:title\" content=\"Protecci\u00f3n de datos personales - ASIPONA ACAPULCO\" \/>\n<meta property=\"og:description\" content=\"La Administraci\u00f3n del Sistema Portuario Nacional de Acapulco te informa sobre el tratamiento de tus datos personales en su posesi\u00f3n,\" \/>\n<meta property=\"og:url\" content=\"https:\/\/puertoacapulco.com.mx\/index.php\/proteccion-de-datos-personales\/\" \/>\n<meta property=\"og:site_name\" content=\"ASIPONA ACAPULCO\" \/>\n<meta property=\"article:publisher\" content=\"https:\/\/www.facebook.com\/PuertoAca\" \/>\n<meta property=\"article:modified_time\" content=\"2024-07-18T18:27:22+00:00\" \/>\n<meta property=\"og:image\" content=\"https:\/\/puertoacapulco.com.mx\/wp-content\/uploads\/2023\/09\/cropped-LOGO-ASIPONA-EN-CURVAS-COLOR-BLANCO-Y-NEGRO-01-1.png\" \/>\n\t<meta property=\"og:image:width\" content=\"2838\" \/>\n\t<meta property=\"og:image:height\" content=\"3005\" \/>\n\t<meta property=\"og:image:type\" content=\"image\/png\" \/>\n<meta name=\"twitter:card\" content=\"summary_large_image\" \/>\n<meta name=\"twitter:site\" content=\"@PuertoAca\" \/>\n<meta name=\"twitter:label1\" content=\"Tiempo de lectura\" \/>\n\t<meta name=\"twitter:data1\" content=\"1 minuto\" \/>\n<script type=\"application\/ld+json\" class=\"yoast-schema-graph\">{\"@context\":\"https:\/\/schema.org\",\"@graph\":[{\"@type\":\"WebPage\",\"@id\":\"https:\/\/puertoacapulco.com.mx\/index.php\/proteccion-de-datos-personales\/\",\"url\":\"https:\/\/puertoacapulco.com.mx\/index.php\/proteccion-de-datos-personales\/\",\"name\":\"Protecci\u00f3n de datos personales - ASIPONA ACAPULCO\",\"isPartOf\":{\"@id\":\"https:\/\/puertoacapulco.com.mx\/#website\"},\"datePublished\":\"2023-09-04T19:06:04+00:00\",\"dateModified\":\"2024-07-18T18:27:22+00:00\",\"breadcrumb\":{\"@id\":\"https:\/\/puertoacapulco.com.mx\/index.php\/proteccion-de-datos-personales\/#breadcrumb\"},\"inLanguage\":\"es\",\"potentialAction\":[{\"@type\":\"ReadAction\",\"target\":[\"https:\/\/puertoacapulco.com.mx\/index.php\/proteccion-de-datos-personales\/\"]}]},{\"@type\":\"BreadcrumbList\",\"@id\":\"https:\/\/puertoacapulco.com.mx\/index.php\/proteccion-de-datos-personales\/#breadcrumb\",\"itemListElement\":[{\"@type\":\"ListItem\",\"position\":1,\"name\":\"Portada\",\"item\":\"https:\/\/puertoacapulco.com.mx\/\"},{\"@type\":\"ListItem\",\"position\":2,\"name\":\"Protecci\u00f3n de datos personales\"}]},{\"@type\":\"WebSite\",\"@id\":\"https:\/\/puertoacapulco.com.mx\/#website\",\"url\":\"https:\/\/puertoacapulco.com.mx\/\",\"name\":\"ASIPONA ACAPULCO\",\"description\":\"Administraci\u00f3n del Sistema Portuario Nacional Acapulco, S.A. de C.V.\",\"publisher\":{\"@id\":\"https:\/\/puertoacapulco.com.mx\/#organization\"},\"potentialAction\":[{\"@type\":\"SearchAction\",\"target\":{\"@type\":\"EntryPoint\",\"urlTemplate\":\"https:\/\/puertoacapulco.com.mx\/?s={search_term_string}\"},\"query-input\":\"required name=search_term_string\"}],\"inLanguage\":\"es\"},{\"@type\":\"Organization\",\"@id\":\"https:\/\/puertoacapulco.com.mx\/#organization\",\"name\":\"ASIPONA ACAPULCO\",\"url\":\"https:\/\/puertoacapulco.com.mx\/\",\"logo\":{\"@type\":\"ImageObject\",\"inLanguage\":\"es\",\"@id\":\"https:\/\/puertoacapulco.com.mx\/#\/schema\/logo\/image\/\",\"url\":\"https:\/\/puertoacapulco.com.mx\/wp-content\/uploads\/2023\/09\/cropped-LOGO-ASIPONA-EN-CURVAS-COLOR-BLANCO-Y-NEGRO-01-1.png\",\"contentUrl\":\"https:\/\/puertoacapulco.com.mx\/wp-content\/uploads\/2023\/09\/cropped-LOGO-ASIPONA-EN-CURVAS-COLOR-BLANCO-Y-NEGRO-01-1.png\",\"width\":2838,\"height\":3005,\"caption\":\"ASIPONA ACAPULCO\"},\"image\":{\"@id\":\"https:\/\/puertoacapulco.com.mx\/#\/schema\/logo\/image\/\"},\"sameAs\":[\"https:\/\/www.facebook.com\/PuertoAca\",\"https:\/\/twitter.com\/PuertoAca\"]}]}<\/script>\n<!-- \/ Yoast SEO plugin. -->","yoast_head_json":{"title":"Protecci\u00f3n de datos personales - ASIPONA ACAPULCO","robots":{"index":"index","follow":"follow","max-snippet":"max-snippet:-1","max-image-preview":"max-image-preview:large","max-video-preview":"max-video-preview:-1"},"canonical":"https:\/\/puertoacapulco.com.mx\/index.php\/proteccion-de-datos-personales\/","og_locale":"es_ES","og_type":"article","og_title":"Protecci\u00f3n de datos personales - ASIPONA ACAPULCO","og_description":"La Administraci\u00f3n del Sistema Portuario Nacional de Acapulco te informa sobre el tratamiento de tus datos personales en su posesi\u00f3n,","og_url":"https:\/\/puertoacapulco.com.mx\/index.php\/proteccion-de-datos-personales\/","og_site_name":"ASIPONA ACAPULCO","article_publisher":"https:\/\/www.facebook.com\/PuertoAca","article_modified_time":"2024-07-18T18:27:22+00:00","og_image":[{"width":2838,"height":3005,"url":"https:\/\/puertoacapulco.com.mx\/wp-content\/uploads\/2023\/09\/cropped-LOGO-ASIPONA-EN-CURVAS-COLOR-BLANCO-Y-NEGRO-01-1.png","type":"image\/png"}],"twitter_card":"summary_large_image","twitter_site":"@PuertoAca","twitter_misc":{"Tiempo de lectura":"1 minuto"},"schema":{"@context":"https:\/\/schema.org","@graph":[{"@type":"WebPage","@id":"https:\/\/puertoacapulco.com.mx\/index.php\/proteccion-de-datos-personales\/","url":"https:\/\/puertoacapulco.com.mx\/index.php\/proteccion-de-datos-personales\/","name":"Protecci\u00f3n de datos personales - ASIPONA ACAPULCO","isPartOf":{"@id":"https:\/\/puertoacapulco.com.mx\/#website"},"datePublished":"2023-09-04T19:06:04+00:00","dateModified":"2024-07-18T18:27:22+00:00","breadcrumb":{"@id":"https:\/\/puertoacapulco.com.mx\/index.php\/proteccion-de-datos-personales\/#breadcrumb"},"inLanguage":"es","potentialAction":[{"@type":"ReadAction","target":["https:\/\/puertoacapulco.com.mx\/index.php\/proteccion-de-datos-personales\/"]}]},{"@type":"BreadcrumbList","@id":"https:\/\/puertoacapulco.com.mx\/index.php\/proteccion-de-datos-personales\/#breadcrumb","itemListElement":[{"@type":"ListItem","position":1,"name":"Portada","item":"https:\/\/puertoacapulco.com.mx\/"},{"@type":"ListItem","position":2,"name":"Protecci\u00f3n de datos personales"}]},{"@type":"WebSite","@id":"https:\/\/puertoacapulco.com.mx\/#website","url":"https:\/\/puertoacapulco.com.mx\/","name":"ASIPONA ACAPULCO","description":"Administraci\u00f3n del Sistema Portuario Nacional Acapulco, S.A. de C.V.","publisher":{"@id":"https:\/\/puertoacapulco.com.mx\/#organization"},"potentialAction":[{"@type":"SearchAction","target":{"@type":"EntryPoint","urlTemplate":"https:\/\/puertoacapulco.com.mx\/?s={search_term_string}"},"query-input":"required name=search_term_string"}],"inLanguage":"es"},{"@type":"Organization","@id":"https:\/\/puertoacapulco.com.mx\/#organization","name":"ASIPONA ACAPULCO","url":"https:\/\/puertoacapulco.com.mx\/","logo":{"@type":"ImageObject","inLanguage":"es","@id":"https:\/\/puertoacapulco.com.mx\/#\/schema\/logo\/image\/","url":"https:\/\/puertoacapulco.com.mx\/wp-content\/uploads\/2023\/09\/cropped-LOGO-ASIPONA-EN-CURVAS-COLOR-BLANCO-Y-NEGRO-01-1.png","contentUrl":"https:\/\/puertoacapulco.com.mx\/wp-content\/uploads\/2023\/09\/cropped-LOGO-ASIPONA-EN-CURVAS-COLOR-BLANCO-Y-NEGRO-01-1.png","width":2838,"height":3005,"caption":"ASIPONA ACAPULCO"},"image":{"@id":"https:\/\/puertoacapulco.com.mx\/#\/schema\/logo\/image\/"},"sameAs":["https:\/\/www.facebook.com\/PuertoAca","https:\/\/twitter.com\/PuertoAca"]}]}},"_links":{"self":[{"href":"https:\/\/puertoacapulco.com.mx\/index.php\/wp-json\/wp\/v2\/pages\/620"}],"collection":[{"href":"https:\/\/puertoacapulco.com.mx\/index.php\/wp-json\/wp\/v2\/pages"}],"about":[{"href":"https:\/\/puertoacapulco.com.mx\/index.php\/wp-json\/wp\/v2\/types\/page"}],"author":[{"embeddable":true,"href":"https:\/\/puertoacapulco.com.mx\/index.php\/wp-json\/wp\/v2\/users\/1"}],"replies":[{"embeddable":true,"href":"https:\/\/puertoacapulco.com.mx\/index.php\/wp-json\/wp\/v2\/comments?post=620"}],"version-history":[{"count":131,"href":"https:\/\/puertoacapulco.com.mx\/index.php\/wp-json\/wp\/v2\/pages\/620\/revisions"}],"predecessor-version":[{"id":1777,"href":"https:\/\/puertoacapulco.com.mx\/index.php\/wp-json\/wp\/v2\/pages\/620\/revisions\/1777"}],"wp:attachment":[{"href":"https:\/\/puertoacapulco.com.mx\/index.php\/wp-json\/wp\/v2\/media?parent=620"}],"curies":[{"name":"wp","href":"https:\/\/api.w.org\/{rel}","templated":true}]}}