{"id":53,"date":"2023-09-02T06:19:01","date_gmt":"2023-09-02T04:19:01","guid":{"rendered":"https:\/\/puertoacapulco.com.mx\/?page_id=53"},"modified":"2026-04-13T16:12:05","modified_gmt":"2026-04-13T22:12:05","slug":"a-cerca-del-puerto","status":"publish","type":"page","link":"https:\/\/puertoacapulco.com.mx\/index.php\/a-cerca-del-puerto\/","title":{"rendered":""},"content":{"rendered":"\n<h2>Acerca del Puerto<\/h2>\n\n\n\n<h4 class=\"wp-block-heading\">Administraci\u00f3n del Sistema Portuario Nacional Acapulco, S.A. de C.V.<\/h4>\n\n\n\n<h6 class=\"wp-block-heading\"><\/h6>\n\n\n\n<p style=\"text-align; text-transform: none;\">El pasado 12 de octubre del 2023 se realiz\u00f3 la publicaci\u00f3n del T\u00cdTULO de Concesi\u00f3n para la Administraci\u00f3n Portuaria Integral del Recinto Portuario de Acapulco, Municipio de Acapulco de Ju\u00e1rez, Estado de Guerrero, y Zona Federal Mar\u00edtima a favor de la Administraci\u00f3n del Sistema Portuario Nacional Acapulco, S.A. de C.V. ante el Diario Oficial de la Federaci\u00f3n (DOF).<\/p>\n\n\n\n<p><\/p>\n\n\n\n<p><\/p>\n\n\n\n<a href=\"https:\/\/www.dof.gob.mx\/nota_detalle.php?codigo=5704771&#038;fecha=12\/10\/2023#gsc.tab=0SI%C3%93N\" target=\"_blank\" style=\"color: blue; text-decoration: underline;\" rel=\"noopener\">\n\n<img decoding=\"async\" loading=\"lazy\" src=\"https:\/\/puertoacapulco.com.mx\/wp-content\/uploads\/2024\/03\/iconitopaloma.gif\" border=\"0\" alt=\"Paloma\" title=\"Paloma\" width=\"10\" height=\"10\" style=\"vertical-align: middle;\">\n   CLICK AQUI PARA VER TITULO DE CONCESI\u00d3N\n<\/a>\n<br>\n\n\n\n<br><br>\n<h2 class=\"wp-block-heading\">Programa Maestro de Desarrollo Portuario<\/h2>\n<br>\n\n\n<p  style=\"text-transform: none;\">El Programa Maestro de Desarrollo Portuario es un documento con una visi\u00f3n a 20 a\u00f1os, revisable cada 5, en el que se establecen las generalidades, los usos, destinos y modos de operaci\u00f3n del Puerto, para garantizar la eficiente explotaci\u00f3n de los espacios portuarios y su desarrollo futuro.<\/p>\n\n<a href=\"https:\/\/puertoacapulco.com.mx\/wp-content\/uploads\/2026\/01\/OFICIO-DE-AUTORIZACION-PMDP-2024-2029.pdf\" target=\"_blank\" style=\"color: blue; text-decoration: underline;\" rel=\"noopener\">\n\n<img decoding=\"async\" loading=\"lazy\" src=\"https:\/\/puertoacapulco.com.mx\/wp-content\/uploads\/2024\/03\/iconitopaloma.gif\" border=\"0\" alt=\"Paloma\" title=\"Paloma\" width=\"10\" height=\"10\" style=\"vertical-align: middle;\">\n    Oficio de de Autorizaci\u00f3n PMDP 2024 &#8211; 2029\n<\/a>\n<br>\n<br>\n<a href=\"https:\/\/puertoacapulco.com.mx\/wp-content\/uploads\/2024\/03\/PMDP_Acapulco_2024-2029_AUTORIZADO.pdf\" target=\"_blank\" style=\"color: blue; text-decoration: underline;\" rel=\"noopener\">\n\n<img decoding=\"async\" loading=\"lazy\" src=\"https:\/\/puertoacapulco.com.mx\/wp-content\/uploads\/2024\/03\/iconitopaloma.gif\" border=\"0\" alt=\"Paloma\" title=\"Paloma\" width=\"10\" height=\"10\" style=\"vertical-align: middle;\">\n    Programa Maestro de Desarrollo Portuario 2024 &#8211; 2029\n<\/a>\n<br>\n<br>\n<br>\n\n\n\n<h2 class=\"wp-block-heading\">PROGRAMA OPERATIVO ANUAL<\/h2>\n\n\n\n<p style=\"text-align; text-transform: none;\">En cumplimiento a lo establecido en el art\u00edculo 42 del Reglamento de la Ley de Puertos, as\u00ed como a las cl\u00e1usulas D\u00c9CIMA PRIMERA Y D\u00c9CIMA CUARTA del T\u00edtulo de Concesi\u00f3n 1.08.23, a favor de esta Administraci\u00f3n del Sistema Portuario Nacional Acapulco, S.A. de C.V., se presenta el Programa Operativo Anual, en el cual se norman las acciones que esta entidad llevar\u00e1 a cabo durante el presente ejercicio.<\/p>\n<br>\n<p style=\"text-align; text-transform: none;\">El POA agrupa las diferentes \u00e1reas de responsabilidad de la Entidad, as\u00ed como las bases que orientar\u00e1n las acciones a ejecutar y que, permitir\u00e1n evaluar y medir el cumplimiento de las metas y objetivos consignados para cada a\u00f1o.\n<\/p>\n<p style=\"text-align; text-transform: none;\"><b>HISTORIAL<\/b> \n<\/p>\n<a href=\"https:\/\/puertoacapulco.com.mx\/wp-content\/uploads\/2026\/04\/Registro-y-POA-2026.pdf\" target=\"_blank\" style=\"color: blue; text-decoration: underline;\" rel=\"noopener\">\n\n<img decoding=\"async\" loading=\"lazy\" src=\"https:\/\/puertoacapulco.com.mx\/wp-content\/uploads\/2024\/03\/iconitopaloma.gif\" border=\"0\" alt=\"Paloma\" title=\"Paloma\" width=\"10\" height=\"10\" style=\"vertical-align: middle;\">\n    REGISTRO Y POA 2026\n<br>\n<br>\n<a href=\"https:\/\/puertoacapulco.com.mx\/wp-content\/uploads\/2026\/04\/POA-2026-ASIPONA-ACAPULCO-1ER-TRIMESTRE.pdf\" target=\"_blank\" style=\"color: blue; text-decoration: underline;\" rel=\"noopener\">\n\n<img decoding=\"async\" loading=\"lazy\" src=\"https:\/\/puertoacapulco.com.mx\/wp-content\/uploads\/2024\/03\/iconitopaloma.gif\" border=\"0\" alt=\"Paloma\" title=\"Paloma\" width=\"10\" height=\"10\" style=\"vertical-align: middle;\">\n    Primer Trimestre del Programa Operativo Anual (POA) 2026\n<br>\n<br>\n<br>\n<br>\n<br>\n<a href=\"https:\/\/puertoacapulco.com.mx\/wp-content\/uploads\/2025\/05\/Oficio_de_autorizacion_1092-2025.pdf\" target=\"_blank\" style=\"color: blue; text-decoration: underline;\" rel=\"noopener\">\n\n\n\n<img decoding=\"async\" loading=\"lazy\" src=\"https:\/\/puertoacapulco.com.mx\/wp-content\/uploads\/2024\/03\/iconitopaloma.gif\" border=\"0\" alt=\"Paloma\" title=\"Paloma\" width=\"10\" height=\"10\" style=\"vertical-align: middle;\">\n    OFICIO DE AUTORIZACI\u00d3N POA 2025\n<\/a>\n<br>\n<BR>\n<!--<a href=\"https:\/\/puertoacapulco.com.mx\/wp-content\/uploads\/2025\/09\/POA_2DO_TRIMESTRE_2025.pdf\" target=\"_blank\" style=\"color: blue; text-decoration: underline;\" rel=\"noopener\">-->\n\n<a href=\"https:\/\/puertoacapulco.com.mx\/wp-content\/uploads\/2026\/02\/POA_4TO_TRIMESTRE.pdf\" target=\"_blank\" style=\"color: blue; text-decoration: underline;\" rel=\"noopener\">\n\n<img decoding=\"async\" loading=\"lazy\" src=\"https:\/\/puertoacapulco.com.mx\/wp-content\/uploads\/2024\/03\/iconitopaloma.gif\" border=\"0\" alt=\"Paloma\" title=\"Paloma\" width=\"10\" height=\"10\" style=\"vertical-align: middle;\">\n    PROGRAMA OPERATIVO ANUAL 2025 -4TO TRIMESTE\n<\/a>\n<BR>\n<br>\n<br>\n<br>\n\n<BR>\n<a href=\"https:\/\/puertoacapulco.com.mx\/wp-content\/uploads\/2025\/01\/ASPN-ACA-DG-OF-029-25_REPORTE_4TO_TRIM_POA_24.pdf\" target=\"_blank\" style=\"color: blue; text-decoration: underline;\" rel=\"noopener\">\n\n<img decoding=\"async\" loading=\"lazy\" src=\"https:\/\/puertoacapulco.com.mx\/wp-content\/uploads\/2024\/03\/iconitopaloma.gif\" border=\"0\" alt=\"Paloma\" title=\"Paloma\" width=\"10\" height=\"10\" style=\"vertical-align: middle;\">\n    Oficio de Autorizaci\u00f3n POA 2024\n<\/a>\n<br>\n<BR>\n<a href=\"https:\/\/puertoacapulco.com.mx\/wp-content\/uploads\/2026\/01\/POA-4TO-TRIMESTRE.pdf\" target=\"_blank\" style=\"color: blue; text-decoration: underline;\" rel=\"noopener\">\n\n<img decoding=\"async\" loading=\"lazy\" src=\"https:\/\/puertoacapulco.com.mx\/wp-content\/uploads\/2024\/03\/iconitopaloma.gif\" border=\"0\" alt=\"Paloma\" title=\"Paloma\" width=\"10\" height=\"10\" style=\"vertical-align: middle;\">\n    PROGRAMA OPERATIVO ANUAL \u2013 4TO TRIMESTRE ASIPONA\n<\/a>\n<br>\n\n\n\n<br>\n<h2 class=\"wp-block-heading\">Ubicaci\u00f3n<\/h2>\n\n\n\n<p>Ubicaci\u00f3n<\/p>\n\n\n\n<hr class=\"wp-block-separator has-alpha-channel-opacity is-style-wide\"\/>\n\n\n\n<iframe src=\"https:\/\/www.google.com\/maps\/embed?pb=!1m14!1m8!1m3!1d3405.866236067468!2d-99.9046!3d16.848773!3m2!1i1024!2i768!4f13.1!3m3!1m2!1s0x85caf7e2d7bac053%3A0x869770f347c55108!2sTerminal%20Mar%C3%ADtima!5e1!3m2!1ses!2smx!4v1709329181459!5m2!1ses!2smx\" width=\"600\" height=\"450\" style=\"border:0;\" allowfullscreen=\"\" loading=\"lazy\" referrerpolicy=\"no-referrer-when-downgrade\"><\/iframe>\n\n\n\n\n\n<p><\/p>\n\n\n\n<p><\/p>\n\n\n\n<p><\/p>\n\n\n\n<p><\/p>\n","protected":false},"excerpt":{"rendered":"<p>Acerca del Puerto Administraci\u00f3n del Sistema Portuario Nacional Acapulco, S.A. de C.V. El pasado 12 de octubre del 2023 se<\/p>\n","protected":false},"author":1,"featured_media":0,"parent":0,"menu_order":0,"comment_status":"closed","ping_status":"closed","template":"","meta":{"footnotes":""},"aioseo_notices":[],"yoast_head":"<!-- This site is optimized with the Yoast SEO plugin v22.1 - https:\/\/yoast.com\/wordpress\/plugins\/seo\/ -->\n<title>- ASIPONA ACAPULCO<\/title>\n<meta name=\"robots\" content=\"index, follow, max-snippet:-1, max-image-preview:large, max-video-preview:-1\" \/>\n<link rel=\"canonical\" href=\"https:\/\/puertoacapulco.com.mx\/index.php\/a-cerca-del-puerto\/\" \/>\n<meta property=\"og:locale\" content=\"es_ES\" \/>\n<meta property=\"og:type\" content=\"article\" \/>\n<meta property=\"og:title\" content=\"- ASIPONA ACAPULCO\" \/>\n<meta property=\"og:description\" content=\"Acerca del Puerto Administraci\u00f3n del Sistema Portuario Nacional Acapulco, S.A. de C.V. El pasado 12 de octubre del 2023 se\" \/>\n<meta property=\"og:url\" content=\"https:\/\/puertoacapulco.com.mx\/index.php\/a-cerca-del-puerto\/\" \/>\n<meta property=\"og:site_name\" content=\"ASIPONA ACAPULCO\" \/>\n<meta property=\"article:publisher\" content=\"https:\/\/www.facebook.com\/PuertoAca\" \/>\n<meta property=\"article:modified_time\" content=\"2026-04-13T22:12:05+00:00\" \/>\n<meta property=\"og:image\" content=\"https:\/\/puertoacapulco.com.mx\/wp-content\/uploads\/2024\/03\/iconitopaloma.gif\" \/>\n<meta name=\"twitter:card\" content=\"summary_large_image\" \/>\n<meta name=\"twitter:site\" content=\"@PuertoAca\" \/>\n<meta name=\"twitter:label1\" content=\"Tiempo de lectura\" \/>\n\t<meta name=\"twitter:data1\" content=\"4 minutos\" \/>\n<script type=\"application\/ld+json\" class=\"yoast-schema-graph\">{\"@context\":\"https:\/\/schema.org\",\"@graph\":[{\"@type\":\"WebPage\",\"@id\":\"https:\/\/puertoacapulco.com.mx\/index.php\/a-cerca-del-puerto\/\",\"url\":\"https:\/\/puertoacapulco.com.mx\/index.php\/a-cerca-del-puerto\/\",\"name\":\"- ASIPONA ACAPULCO\",\"isPartOf\":{\"@id\":\"https:\/\/puertoacapulco.com.mx\/#website\"},\"datePublished\":\"2023-09-02T04:19:01+00:00\",\"dateModified\":\"2026-04-13T22:12:05+00:00\",\"inLanguage\":\"es\",\"potentialAction\":[{\"@type\":\"ReadAction\",\"target\":[\"https:\/\/puertoacapulco.com.mx\/index.php\/a-cerca-del-puerto\/\"]}]},{\"@type\":\"WebSite\",\"@id\":\"https:\/\/puertoacapulco.com.mx\/#website\",\"url\":\"https:\/\/puertoacapulco.com.mx\/\",\"name\":\"ASIPONA ACAPULCO\",\"description\":\"Administraci\u00f3n del Sistema Portuario Nacional Acapulco, S.A. de C.V.\",\"publisher\":{\"@id\":\"https:\/\/puertoacapulco.com.mx\/#organization\"},\"potentialAction\":[{\"@type\":\"SearchAction\",\"target\":{\"@type\":\"EntryPoint\",\"urlTemplate\":\"https:\/\/puertoacapulco.com.mx\/?s={search_term_string}\"},\"query-input\":\"required name=search_term_string\"}],\"inLanguage\":\"es\"},{\"@type\":\"Organization\",\"@id\":\"https:\/\/puertoacapulco.com.mx\/#organization\",\"name\":\"ASIPONA ACAPULCO\",\"url\":\"https:\/\/puertoacapulco.com.mx\/\",\"logo\":{\"@type\":\"ImageObject\",\"inLanguage\":\"es\",\"@id\":\"https:\/\/puertoacapulco.com.mx\/#\/schema\/logo\/image\/\",\"url\":\"https:\/\/puertoacapulco.com.mx\/wp-content\/uploads\/2023\/09\/cropped-LOGO-ASIPONA-EN-CURVAS-COLOR-BLANCO-Y-NEGRO-01-1.png\",\"contentUrl\":\"https:\/\/puertoacapulco.com.mx\/wp-content\/uploads\/2023\/09\/cropped-LOGO-ASIPONA-EN-CURVAS-COLOR-BLANCO-Y-NEGRO-01-1.png\",\"width\":2838,\"height\":3005,\"caption\":\"ASIPONA ACAPULCO\"},\"image\":{\"@id\":\"https:\/\/puertoacapulco.com.mx\/#\/schema\/logo\/image\/\"},\"sameAs\":[\"https:\/\/www.facebook.com\/PuertoAca\",\"https:\/\/twitter.com\/PuertoAca\"]}]}<\/script>\n<!-- \/ Yoast SEO plugin. -->","yoast_head_json":{"title":"- ASIPONA ACAPULCO","robots":{"index":"index","follow":"follow","max-snippet":"max-snippet:-1","max-image-preview":"max-image-preview:large","max-video-preview":"max-video-preview:-1"},"canonical":"https:\/\/puertoacapulco.com.mx\/index.php\/a-cerca-del-puerto\/","og_locale":"es_ES","og_type":"article","og_title":"- ASIPONA ACAPULCO","og_description":"Acerca del Puerto Administraci\u00f3n del Sistema Portuario Nacional Acapulco, S.A. de C.V. El pasado 12 de octubre del 2023 se","og_url":"https:\/\/puertoacapulco.com.mx\/index.php\/a-cerca-del-puerto\/","og_site_name":"ASIPONA ACAPULCO","article_publisher":"https:\/\/www.facebook.com\/PuertoAca","article_modified_time":"2026-04-13T22:12:05+00:00","og_image":[{"url":"https:\/\/puertoacapulco.com.mx\/wp-content\/uploads\/2024\/03\/iconitopaloma.gif"}],"twitter_card":"summary_large_image","twitter_site":"@PuertoAca","twitter_misc":{"Tiempo de lectura":"4 minutos"},"schema":{"@context":"https:\/\/schema.org","@graph":[{"@type":"WebPage","@id":"https:\/\/puertoacapulco.com.mx\/index.php\/a-cerca-del-puerto\/","url":"https:\/\/puertoacapulco.com.mx\/index.php\/a-cerca-del-puerto\/","name":"- ASIPONA ACAPULCO","isPartOf":{"@id":"https:\/\/puertoacapulco.com.mx\/#website"},"datePublished":"2023-09-02T04:19:01+00:00","dateModified":"2026-04-13T22:12:05+00:00","inLanguage":"es","potentialAction":[{"@type":"ReadAction","target":["https:\/\/puertoacapulco.com.mx\/index.php\/a-cerca-del-puerto\/"]}]},{"@type":"WebSite","@id":"https:\/\/puertoacapulco.com.mx\/#website","url":"https:\/\/puertoacapulco.com.mx\/","name":"ASIPONA ACAPULCO","description":"Administraci\u00f3n del Sistema Portuario Nacional Acapulco, S.A. de C.V.","publisher":{"@id":"https:\/\/puertoacapulco.com.mx\/#organization"},"potentialAction":[{"@type":"SearchAction","target":{"@type":"EntryPoint","urlTemplate":"https:\/\/puertoacapulco.com.mx\/?s={search_term_string}"},"query-input":"required name=search_term_string"}],"inLanguage":"es"},{"@type":"Organization","@id":"https:\/\/puertoacapulco.com.mx\/#organization","name":"ASIPONA ACAPULCO","url":"https:\/\/puertoacapulco.com.mx\/","logo":{"@type":"ImageObject","inLanguage":"es","@id":"https:\/\/puertoacapulco.com.mx\/#\/schema\/logo\/image\/","url":"https:\/\/puertoacapulco.com.mx\/wp-content\/uploads\/2023\/09\/cropped-LOGO-ASIPONA-EN-CURVAS-COLOR-BLANCO-Y-NEGRO-01-1.png","contentUrl":"https:\/\/puertoacapulco.com.mx\/wp-content\/uploads\/2023\/09\/cropped-LOGO-ASIPONA-EN-CURVAS-COLOR-BLANCO-Y-NEGRO-01-1.png","width":2838,"height":3005,"caption":"ASIPONA ACAPULCO"},"image":{"@id":"https:\/\/puertoacapulco.com.mx\/#\/schema\/logo\/image\/"},"sameAs":["https:\/\/www.facebook.com\/PuertoAca","https:\/\/twitter.com\/PuertoAca"]}]}},"_links":{"self":[{"href":"https:\/\/puertoacapulco.com.mx\/index.php\/wp-json\/wp\/v2\/pages\/53"}],"collection":[{"href":"https:\/\/puertoacapulco.com.mx\/index.php\/wp-json\/wp\/v2\/pages"}],"about":[{"href":"https:\/\/puertoacapulco.com.mx\/index.php\/wp-json\/wp\/v2\/types\/page"}],"author":[{"embeddable":true,"href":"https:\/\/puertoacapulco.com.mx\/index.php\/wp-json\/wp\/v2\/users\/1"}],"replies":[{"embeddable":true,"href":"https:\/\/puertoacapulco.com.mx\/index.php\/wp-json\/wp\/v2\/comments?post=53"}],"version-history":[{"count":96,"href":"https:\/\/puertoacapulco.com.mx\/index.php\/wp-json\/wp\/v2\/pages\/53\/revisions"}],"predecessor-version":[{"id":2944,"href":"https:\/\/puertoacapulco.com.mx\/index.php\/wp-json\/wp\/v2\/pages\/53\/revisions\/2944"}],"wp:attachment":[{"href":"https:\/\/puertoacapulco.com.mx\/index.php\/wp-json\/wp\/v2\/media?parent=53"}],"curies":[{"name":"wp","href":"https:\/\/api.w.org\/{rel}","templated":true}]}}