{"id":50,"date":"2023-09-02T06:17:07","date_gmt":"2023-09-02T04:17:07","guid":{"rendered":"https:\/\/puertoacapulco.com.mx\/?page_id=50"},"modified":"2024-04-15T14:35:59","modified_gmt":"2024-04-15T20:35:59","slug":"quienes-somos","status":"publish","type":"page","link":"https:\/\/puertoacapulco.com.mx\/index.php\/quienes-somos\/","title":{"rendered":"\u00bfQui\u00e9nes Somos?"},"content":{"rendered":"\n<p style=\"text-align: justify; text-transform: none;\">El Puerto de Acapulco hist\u00f3ricamente ha sido un centro tur\u00edstico de importancia nacional e internacional, operando adicionalmente como plataforma para el movimiento de carga automotriz de exportaci\u00f3n. El Puerto est\u00e1 en condiciones adecuadas de operaci\u00f3n; actualmente enfrenta fuertes retos para recuperar el nivel de operaciones que tuvo en d\u00e9cadas pasadas y para establecer nuevas metas de actividad, que permitan dinamizar su econom\u00eda que impacten positivamente en el desarrollo regional aumentando la creaci\u00f3n de empleos directos e indirectos con la finalidad de mejorar las condiciones de vida de su poblaci\u00f3n. \n <\/p>\n\n<p style=\"text-align: justify; text-transform: none;\">A finales del a\u00f1o 2023 la ASIPONA Acapulco obtuvo el titulo de concesi\u00f3n que tiene por objeto la administraci\u00f3n portuaria integral del Recinto Portuario de Acapulco y Zona Federal Mar\u00edtima, ubicados en el Municipio de Acapulco de Ju\u00e1rez, Estado de Guerrero.\n<\/p>\n\n<p style=\"text-align: justify; text-transform: none;\">La ASIPONA concentra todos sus esfuerzos y acciones en el aprovechamiento adecuado del espacio portuario e incrementar la generaci\u00f3n de valor, mediante la creaci\u00f3n de nuevos negocios, que promuevan el desarrollo de nueva infraestructura y de una oferta tur\u00edstico comercial diferenciada, de calidad y competitiva. <\/p>\n\n\n\n<p><\/p>\n\n\n\n<h2 class=\"wp-block-heading\">VISI\u00d3N<\/h2>\n\n\n\n<p style=\"text-align: justify; text-transform: none;\">Administrar el puerto, brindando servicios con calidad, eficiencia y seguridad en las operaciones portuarias, as\u00ed como las cadenas log\u00edsticas; que permitan incrementar en forma sustentable, las actividades mar\u00edtimo &#8211; portuarias y as\u00ed contribuir al desarrollo econ\u00f3mico, social y cultural del Estado de Guerrero.   <\/p>\n\n\n\n<p><a href=\"https:\/\/www.puertolazarocardenas.com.mx\/plc25\/nosotros-somos#category-29\"><\/a><\/p>\n\n\n\n<p class=\"has-text-align-center\"><\/p>\n\n\n\n<h2 class=\"wp-block-heading\">MISI\u00d3N<\/h2>\n\n\n\n<p style=\"text-align: justify; text-transform: none;\">Posicionar a mediano plazo al Puerto de Acapulco como uno de los puertos m\u00e1s importantes en el Sudoeste del Pa\u00eds, fortaleciendo el Turismo y el Comercio Exterior.<\/p>\n\n\n\n<p><\/p>\n\n\n\n<h2 class=\"wp-block-heading\">OBJETIVOS<\/h2>\n\n\n\n<p style=\"text-align: justify; text-transform: none;\">Para el logro de la misi\u00f3n y visi\u00f3n del Puerto de Acapulco, se establecieron dos objetivos estrat\u00e9gicos, as\u00ed como las estrategias y l\u00edneas de acci\u00f3n correspondientes para su cumplimiento, bajo principios de competencia, calidad y eficiencia: <\/p>\n\n\n\n<p><\/p>\n\n\n\n<h2 class=\"wp-block-heading\">OBJETIVO ESTRAT\u00c9GICO<\/h2>\n\n\n\n<ul>\n\t<li><p style=\"text-align: justify; text-transform: none;\">Desarrollar infraestructura portuaria sostenible, con el fin de generar y desarrollar nuevas oportunidades de negocio, el cual generar\u00e1 una ubicaci\u00f3n estrat\u00e9gica de comercio. <\/p><\/li>\n    <li><p style=\"text-align: justify; text-transform: none;\">Incrementar la participaci\u00f3n log\u00edstica y la competitividad. <\/p><\/li>\n <li><p style=\"text-align: justify; text-transform: none;\">Impulsar el aprovechamiento de la infraestructura portuaria con servicios de calidad y ofreciendo seguridad y protecci\u00f3n.<\/p><\/li>\n<\/ul>\n","protected":false},"excerpt":{"rendered":"<p>El Puerto de Acapulco hist\u00f3ricamente ha sido un centro tur\u00edstico de importancia nacional e internacional, operando adicionalmente como plataforma para<\/p>\n","protected":false},"author":1,"featured_media":0,"parent":0,"menu_order":0,"comment_status":"closed","ping_status":"closed","template":"","meta":{"footnotes":""},"aioseo_notices":[],"yoast_head":"<!-- This site is optimized with the Yoast SEO plugin v22.1 - https:\/\/yoast.com\/wordpress\/plugins\/seo\/ -->\n<title>\u00bfQui\u00e9nes Somos? - ASIPONA ACAPULCO<\/title>\n<meta name=\"robots\" content=\"index, follow, max-snippet:-1, max-image-preview:large, max-video-preview:-1\" \/>\n<link rel=\"canonical\" href=\"https:\/\/puertoacapulco.com.mx\/index.php\/quienes-somos\/\" \/>\n<meta property=\"og:locale\" content=\"es_ES\" \/>\n<meta property=\"og:type\" content=\"article\" \/>\n<meta property=\"og:title\" content=\"\u00bfQui\u00e9nes Somos? - ASIPONA ACAPULCO\" \/>\n<meta property=\"og:description\" content=\"El Puerto de Acapulco hist\u00f3ricamente ha sido un centro tur\u00edstico de importancia nacional e internacional, operando adicionalmente como plataforma para\" \/>\n<meta property=\"og:url\" content=\"https:\/\/puertoacapulco.com.mx\/index.php\/quienes-somos\/\" \/>\n<meta property=\"og:site_name\" content=\"ASIPONA ACAPULCO\" \/>\n<meta property=\"article:publisher\" content=\"https:\/\/www.facebook.com\/PuertoAca\" \/>\n<meta property=\"article:modified_time\" content=\"2024-04-15T20:35:59+00:00\" \/>\n<meta property=\"og:image\" content=\"https:\/\/puertoacapulco.com.mx\/wp-content\/uploads\/2023\/09\/cropped-LOGO-ASIPONA-EN-CURVAS-COLOR-BLANCO-Y-NEGRO-01-1.png\" \/>\n\t<meta property=\"og:image:width\" content=\"2838\" \/>\n\t<meta property=\"og:image:height\" content=\"3005\" \/>\n\t<meta property=\"og:image:type\" content=\"image\/png\" \/>\n<meta name=\"twitter:card\" content=\"summary_large_image\" \/>\n<meta name=\"twitter:site\" content=\"@PuertoAca\" \/>\n<meta name=\"twitter:label1\" content=\"Tiempo de lectura\" \/>\n\t<meta name=\"twitter:data1\" content=\"2 minutos\" \/>\n<script type=\"application\/ld+json\" class=\"yoast-schema-graph\">{\"@context\":\"https:\/\/schema.org\",\"@graph\":[{\"@type\":\"WebPage\",\"@id\":\"https:\/\/puertoacapulco.com.mx\/index.php\/quienes-somos\/\",\"url\":\"https:\/\/puertoacapulco.com.mx\/index.php\/quienes-somos\/\",\"name\":\"\u00bfQui\u00e9nes Somos? - ASIPONA ACAPULCO\",\"isPartOf\":{\"@id\":\"https:\/\/puertoacapulco.com.mx\/#website\"},\"datePublished\":\"2023-09-02T04:17:07+00:00\",\"dateModified\":\"2024-04-15T20:35:59+00:00\",\"breadcrumb\":{\"@id\":\"https:\/\/puertoacapulco.com.mx\/index.php\/quienes-somos\/#breadcrumb\"},\"inLanguage\":\"es\",\"potentialAction\":[{\"@type\":\"ReadAction\",\"target\":[\"https:\/\/puertoacapulco.com.mx\/index.php\/quienes-somos\/\"]}]},{\"@type\":\"BreadcrumbList\",\"@id\":\"https:\/\/puertoacapulco.com.mx\/index.php\/quienes-somos\/#breadcrumb\",\"itemListElement\":[{\"@type\":\"ListItem\",\"position\":1,\"name\":\"Portada\",\"item\":\"https:\/\/puertoacapulco.com.mx\/\"},{\"@type\":\"ListItem\",\"position\":2,\"name\":\"\u00bfQui\u00e9nes Somos?\"}]},{\"@type\":\"WebSite\",\"@id\":\"https:\/\/puertoacapulco.com.mx\/#website\",\"url\":\"https:\/\/puertoacapulco.com.mx\/\",\"name\":\"ASIPONA ACAPULCO\",\"description\":\"Administraci\u00f3n del Sistema Portuario Nacional Acapulco, S.A. de C.V.\",\"publisher\":{\"@id\":\"https:\/\/puertoacapulco.com.mx\/#organization\"},\"potentialAction\":[{\"@type\":\"SearchAction\",\"target\":{\"@type\":\"EntryPoint\",\"urlTemplate\":\"https:\/\/puertoacapulco.com.mx\/?s={search_term_string}\"},\"query-input\":\"required name=search_term_string\"}],\"inLanguage\":\"es\"},{\"@type\":\"Organization\",\"@id\":\"https:\/\/puertoacapulco.com.mx\/#organization\",\"name\":\"ASIPONA ACAPULCO\",\"url\":\"https:\/\/puertoacapulco.com.mx\/\",\"logo\":{\"@type\":\"ImageObject\",\"inLanguage\":\"es\",\"@id\":\"https:\/\/puertoacapulco.com.mx\/#\/schema\/logo\/image\/\",\"url\":\"https:\/\/puertoacapulco.com.mx\/wp-content\/uploads\/2023\/09\/cropped-LOGO-ASIPONA-EN-CURVAS-COLOR-BLANCO-Y-NEGRO-01-1.png\",\"contentUrl\":\"https:\/\/puertoacapulco.com.mx\/wp-content\/uploads\/2023\/09\/cropped-LOGO-ASIPONA-EN-CURVAS-COLOR-BLANCO-Y-NEGRO-01-1.png\",\"width\":2838,\"height\":3005,\"caption\":\"ASIPONA ACAPULCO\"},\"image\":{\"@id\":\"https:\/\/puertoacapulco.com.mx\/#\/schema\/logo\/image\/\"},\"sameAs\":[\"https:\/\/www.facebook.com\/PuertoAca\",\"https:\/\/twitter.com\/PuertoAca\"]}]}<\/script>\n<!-- \/ Yoast SEO plugin. -->","yoast_head_json":{"title":"\u00bfQui\u00e9nes Somos? - ASIPONA ACAPULCO","robots":{"index":"index","follow":"follow","max-snippet":"max-snippet:-1","max-image-preview":"max-image-preview:large","max-video-preview":"max-video-preview:-1"},"canonical":"https:\/\/puertoacapulco.com.mx\/index.php\/quienes-somos\/","og_locale":"es_ES","og_type":"article","og_title":"\u00bfQui\u00e9nes Somos? - ASIPONA ACAPULCO","og_description":"El Puerto de Acapulco hist\u00f3ricamente ha sido un centro tur\u00edstico de importancia nacional e internacional, operando adicionalmente como plataforma para","og_url":"https:\/\/puertoacapulco.com.mx\/index.php\/quienes-somos\/","og_site_name":"ASIPONA ACAPULCO","article_publisher":"https:\/\/www.facebook.com\/PuertoAca","article_modified_time":"2024-04-15T20:35:59+00:00","og_image":[{"width":2838,"height":3005,"url":"https:\/\/puertoacapulco.com.mx\/wp-content\/uploads\/2023\/09\/cropped-LOGO-ASIPONA-EN-CURVAS-COLOR-BLANCO-Y-NEGRO-01-1.png","type":"image\/png"}],"twitter_card":"summary_large_image","twitter_site":"@PuertoAca","twitter_misc":{"Tiempo de lectura":"2 minutos"},"schema":{"@context":"https:\/\/schema.org","@graph":[{"@type":"WebPage","@id":"https:\/\/puertoacapulco.com.mx\/index.php\/quienes-somos\/","url":"https:\/\/puertoacapulco.com.mx\/index.php\/quienes-somos\/","name":"\u00bfQui\u00e9nes Somos? - ASIPONA ACAPULCO","isPartOf":{"@id":"https:\/\/puertoacapulco.com.mx\/#website"},"datePublished":"2023-09-02T04:17:07+00:00","dateModified":"2024-04-15T20:35:59+00:00","breadcrumb":{"@id":"https:\/\/puertoacapulco.com.mx\/index.php\/quienes-somos\/#breadcrumb"},"inLanguage":"es","potentialAction":[{"@type":"ReadAction","target":["https:\/\/puertoacapulco.com.mx\/index.php\/quienes-somos\/"]}]},{"@type":"BreadcrumbList","@id":"https:\/\/puertoacapulco.com.mx\/index.php\/quienes-somos\/#breadcrumb","itemListElement":[{"@type":"ListItem","position":1,"name":"Portada","item":"https:\/\/puertoacapulco.com.mx\/"},{"@type":"ListItem","position":2,"name":"\u00bfQui\u00e9nes Somos?"}]},{"@type":"WebSite","@id":"https:\/\/puertoacapulco.com.mx\/#website","url":"https:\/\/puertoacapulco.com.mx\/","name":"ASIPONA ACAPULCO","description":"Administraci\u00f3n del Sistema Portuario Nacional Acapulco, S.A. de C.V.","publisher":{"@id":"https:\/\/puertoacapulco.com.mx\/#organization"},"potentialAction":[{"@type":"SearchAction","target":{"@type":"EntryPoint","urlTemplate":"https:\/\/puertoacapulco.com.mx\/?s={search_term_string}"},"query-input":"required name=search_term_string"}],"inLanguage":"es"},{"@type":"Organization","@id":"https:\/\/puertoacapulco.com.mx\/#organization","name":"ASIPONA ACAPULCO","url":"https:\/\/puertoacapulco.com.mx\/","logo":{"@type":"ImageObject","inLanguage":"es","@id":"https:\/\/puertoacapulco.com.mx\/#\/schema\/logo\/image\/","url":"https:\/\/puertoacapulco.com.mx\/wp-content\/uploads\/2023\/09\/cropped-LOGO-ASIPONA-EN-CURVAS-COLOR-BLANCO-Y-NEGRO-01-1.png","contentUrl":"https:\/\/puertoacapulco.com.mx\/wp-content\/uploads\/2023\/09\/cropped-LOGO-ASIPONA-EN-CURVAS-COLOR-BLANCO-Y-NEGRO-01-1.png","width":2838,"height":3005,"caption":"ASIPONA ACAPULCO"},"image":{"@id":"https:\/\/puertoacapulco.com.mx\/#\/schema\/logo\/image\/"},"sameAs":["https:\/\/www.facebook.com\/PuertoAca","https:\/\/twitter.com\/PuertoAca"]}]}},"_links":{"self":[{"href":"https:\/\/puertoacapulco.com.mx\/index.php\/wp-json\/wp\/v2\/pages\/50"}],"collection":[{"href":"https:\/\/puertoacapulco.com.mx\/index.php\/wp-json\/wp\/v2\/pages"}],"about":[{"href":"https:\/\/puertoacapulco.com.mx\/index.php\/wp-json\/wp\/v2\/types\/page"}],"author":[{"embeddable":true,"href":"https:\/\/puertoacapulco.com.mx\/index.php\/wp-json\/wp\/v2\/users\/1"}],"replies":[{"embeddable":true,"href":"https:\/\/puertoacapulco.com.mx\/index.php\/wp-json\/wp\/v2\/comments?post=50"}],"version-history":[{"count":62,"href":"https:\/\/puertoacapulco.com.mx\/index.php\/wp-json\/wp\/v2\/pages\/50\/revisions"}],"predecessor-version":[{"id":1641,"href":"https:\/\/puertoacapulco.com.mx\/index.php\/wp-json\/wp\/v2\/pages\/50\/revisions\/1641"}],"wp:attachment":[{"href":"https:\/\/puertoacapulco.com.mx\/index.php\/wp-json\/wp\/v2\/media?parent=50"}],"curies":[{"name":"wp","href":"https:\/\/api.w.org\/{rel}","templated":true}]}}