{"id":2945,"date":"2026-04-20T09:40:24","date_gmt":"2026-04-20T15:40:24","guid":{"rendered":"https:\/\/puertoacapulco.com.mx\/?page_id=2945"},"modified":"2026-04-20T15:59:42","modified_gmt":"2026-04-20T21:59:42","slug":"licitaciones","status":"publish","type":"page","link":"https:\/\/puertoacapulco.com.mx\/index.php\/licitaciones\/","title":{"rendered":"Licitaciones"},"content":{"rendered":"\n<p><\/p>\n\n\n\n<div style=\"max-width: 1200px; margin: 0 auto; padding: 20px; font-family: Arial, sans-serif;\">\n\n    <!-- Recuadro informativo -->\n<div style=\"background:#eaf7fd; border: 1px solid #bfe3f5; padding: 14px; margin-bottom: 25px; border-radius: 4px; \"> <p style=\" margin: 0; font-size: 16px; color: #2c6f91; line-height: 1.6; text-transform: none;\">\nPara consulta de licitaciones p\u00fablicas correspondientes a Ingenier\u00eda (Obra P\u00fablica), revise la siguiente informaci\u00f3n: <\/p> <\/div>\n\n    <!-- Contenedor principal -->\n<div style=\" border: 1px solid #dcdcdc; border-radius: 4px; overflow: hidden; background: #ffffff; \">\n\n    <!-- Categor\u00eda -->\n<div style=\" padding: 20px; border-bottom: 1px solid #dcdcdc; \">\n <h2 style=\" margin: 0; font-size: 24px; font-weight: 700;\"> Ingenier\u00eda (OBRA P\u00daBLICA) <\/h2>\n  <p style=\" margin-top: 15px; font-size: 16px; line-height: 1.7; text-transform: none;\">\nEn cumplimiento del Art\u00edculo 31 antepen\u00faltimo p\u00e1rrafo de la Ley de Obras P\u00fablicas y Servicios relacionados con las mismas, se presentan las PREBASES de las licitaciones p\u00fablicas siguientes: <\/p> <\/div>\n\n        <!-- Tabla responsive -->\n<div style=\"max-width: 100%; overflow-x: auto;\">\n<table style=\" width: 100%; border-collapse: collapse; table-layout: fixed; font-family: Arial, sans-serif;\">\n\n<thead>\n <tr style=\" background: #2fa4c7; color: white; \">\n <th style=\" width: 18%; padding: 14px; text-align: left; font-size: 16px; line-height: 1.4;\"> Fecha de publicaci\u00f3n <\/th>\n <th style=\" width: 50%; padding: 14px; text-align: left; font-size: 16px; line-height: 1.4;\"> Nombre de la Licitaci\u00f3n <\/th>\n <th style=\" width: 32%; padding: 14px; text-align: left; font-size: 16px; line-height: 1.4;\"> Anexos <\/th> <\/tr>\n<\/thead>\n\n<tbody>\n\n <tr style=\"border-bottom: 1px solid #dddddd;\">\n  <td style=\"padding: 18px; vertical-align: top; font-size: 15px; line-height: 1.6; word-break: break-word;\"> ########### <\/td>\n\n  <td style=\" padding: 18px; vertical-align: top; font-size: 15px; line-height: 1.8; word-break: break-word; white-space: normal;\"> ############## <\/td>\n\n  <td style=\" padding: 18px; vertical-align: top; font-size: 15px; line-height: 2; word-break: break-word;\">\n   <div style=\"margin-bottom: 8px;\"> <a href=\"#\" target=\"_blank\" rel=\"noopener\"> # <\/a> <\/div>\n   <div style=\"margin-bottom: 8px;\"> <a href=\"#\" target=\"_blank\" rel=\"noopener\"> ## <\/a> <\/div>\n   <div> <a href=\"#\" target=\"_blank\" rel=\"noopener\"> ### <\/a> <\/div>\n  <\/td>\n\n <\/tr>\n\n<tr style=\"border-bottom: 1px solid #dddddd;\">\n  <td style=\"padding: 18px; vertical-align: top; font-size: 15px; line-height: 1.6; word-break: break-word;\"> ########### <\/td>\n\n  <td style=\" padding: 18px; vertical-align: top; font-size: 15px; line-height: 1.8; word-break: break-word; white-space: normal;\"> ############## <\/td>\n\n  <td style=\" padding: 18px; vertical-align: top; font-size: 15px; line-height: 2; word-break: break-word;\">\n   <div style=\"margin-bottom: 8px;\"> <a href=\"#\" target=\"_blank\" rel=\"noopener\"> # <\/a> <\/div>\n   <div style=\"margin-bottom: 8px;\"> <a href=\"#\" target=\"_blank\" rel=\"noopener\"> ## <\/a> <\/div>\n   <div> <a href=\"#\" target=\"_blank\" rel=\"noopener\"> ### <\/a> <\/div>\n  <\/td>\n\n <\/tr>\n\n<\/tbody>\n\n            <\/table>\n\n        <\/div>\n\n    <\/div>\n\n<\/div>\n","protected":false},"excerpt":{"rendered":"<p>Para consulta de licitaciones p\u00fablicas correspondientes a Ingenier\u00eda (Obra P\u00fablica), revise la siguiente informaci\u00f3n: Ingenier\u00eda (OBRA P\u00daBLICA) En cumplimiento del<\/p>\n","protected":false},"author":1,"featured_media":0,"parent":0,"menu_order":0,"comment_status":"closed","ping_status":"closed","template":"","meta":{"footnotes":""},"aioseo_notices":[],"yoast_head":"<!-- This site is optimized with the Yoast SEO plugin v22.1 - https:\/\/yoast.com\/wordpress\/plugins\/seo\/ -->\n<title>Licitaciones - ASIPONA ACAPULCO<\/title>\n<meta name=\"robots\" content=\"index, follow, max-snippet:-1, max-image-preview:large, max-video-preview:-1\" \/>\n<link rel=\"canonical\" href=\"https:\/\/puertoacapulco.com.mx\/index.php\/licitaciones\/\" \/>\n<meta property=\"og:locale\" content=\"es_ES\" \/>\n<meta property=\"og:type\" content=\"article\" \/>\n<meta property=\"og:title\" content=\"Licitaciones - ASIPONA ACAPULCO\" \/>\n<meta property=\"og:description\" content=\"Para consulta de licitaciones p\u00fablicas correspondientes a Ingenier\u00eda (Obra P\u00fablica), revise la siguiente informaci\u00f3n: Ingenier\u00eda (OBRA P\u00daBLICA) En cumplimiento del\" \/>\n<meta property=\"og:url\" content=\"https:\/\/puertoacapulco.com.mx\/index.php\/licitaciones\/\" \/>\n<meta property=\"og:site_name\" content=\"ASIPONA ACAPULCO\" \/>\n<meta property=\"article:publisher\" content=\"https:\/\/www.facebook.com\/PuertoAca\" \/>\n<meta property=\"article:modified_time\" content=\"2026-04-20T21:59:42+00:00\" \/>\n<meta property=\"og:image\" content=\"https:\/\/puertoacapulco.com.mx\/wp-content\/uploads\/2023\/09\/cropped-LOGO-ASIPONA-EN-CURVAS-COLOR-BLANCO-Y-NEGRO-01-1.png\" \/>\n\t<meta property=\"og:image:width\" content=\"2838\" \/>\n\t<meta property=\"og:image:height\" content=\"3005\" \/>\n\t<meta property=\"og:image:type\" content=\"image\/png\" \/>\n<meta name=\"twitter:card\" content=\"summary_large_image\" \/>\n<meta name=\"twitter:site\" content=\"@PuertoAca\" \/>\n<meta name=\"twitter:label1\" content=\"Tiempo de lectura\" \/>\n\t<meta name=\"twitter:data1\" content=\"1 minuto\" \/>\n<script type=\"application\/ld+json\" class=\"yoast-schema-graph\">{\"@context\":\"https:\/\/schema.org\",\"@graph\":[{\"@type\":\"WebPage\",\"@id\":\"https:\/\/puertoacapulco.com.mx\/index.php\/licitaciones\/\",\"url\":\"https:\/\/puertoacapulco.com.mx\/index.php\/licitaciones\/\",\"name\":\"Licitaciones - ASIPONA ACAPULCO\",\"isPartOf\":{\"@id\":\"https:\/\/puertoacapulco.com.mx\/#website\"},\"datePublished\":\"2026-04-20T15:40:24+00:00\",\"dateModified\":\"2026-04-20T21:59:42+00:00\",\"breadcrumb\":{\"@id\":\"https:\/\/puertoacapulco.com.mx\/index.php\/licitaciones\/#breadcrumb\"},\"inLanguage\":\"es\",\"potentialAction\":[{\"@type\":\"ReadAction\",\"target\":[\"https:\/\/puertoacapulco.com.mx\/index.php\/licitaciones\/\"]}]},{\"@type\":\"BreadcrumbList\",\"@id\":\"https:\/\/puertoacapulco.com.mx\/index.php\/licitaciones\/#breadcrumb\",\"itemListElement\":[{\"@type\":\"ListItem\",\"position\":1,\"name\":\"Portada\",\"item\":\"https:\/\/puertoacapulco.com.mx\/\"},{\"@type\":\"ListItem\",\"position\":2,\"name\":\"Licitaciones\"}]},{\"@type\":\"WebSite\",\"@id\":\"https:\/\/puertoacapulco.com.mx\/#website\",\"url\":\"https:\/\/puertoacapulco.com.mx\/\",\"name\":\"ASIPONA ACAPULCO\",\"description\":\"Administraci\u00f3n del Sistema Portuario Nacional Acapulco, S.A. de C.V.\",\"publisher\":{\"@id\":\"https:\/\/puertoacapulco.com.mx\/#organization\"},\"potentialAction\":[{\"@type\":\"SearchAction\",\"target\":{\"@type\":\"EntryPoint\",\"urlTemplate\":\"https:\/\/puertoacapulco.com.mx\/?s={search_term_string}\"},\"query-input\":\"required name=search_term_string\"}],\"inLanguage\":\"es\"},{\"@type\":\"Organization\",\"@id\":\"https:\/\/puertoacapulco.com.mx\/#organization\",\"name\":\"ASIPONA ACAPULCO\",\"url\":\"https:\/\/puertoacapulco.com.mx\/\",\"logo\":{\"@type\":\"ImageObject\",\"inLanguage\":\"es\",\"@id\":\"https:\/\/puertoacapulco.com.mx\/#\/schema\/logo\/image\/\",\"url\":\"https:\/\/puertoacapulco.com.mx\/wp-content\/uploads\/2023\/09\/cropped-LOGO-ASIPONA-EN-CURVAS-COLOR-BLANCO-Y-NEGRO-01-1.png\",\"contentUrl\":\"https:\/\/puertoacapulco.com.mx\/wp-content\/uploads\/2023\/09\/cropped-LOGO-ASIPONA-EN-CURVAS-COLOR-BLANCO-Y-NEGRO-01-1.png\",\"width\":2838,\"height\":3005,\"caption\":\"ASIPONA ACAPULCO\"},\"image\":{\"@id\":\"https:\/\/puertoacapulco.com.mx\/#\/schema\/logo\/image\/\"},\"sameAs\":[\"https:\/\/www.facebook.com\/PuertoAca\",\"https:\/\/twitter.com\/PuertoAca\"]}]}<\/script>\n<!-- \/ Yoast SEO plugin. -->","yoast_head_json":{"title":"Licitaciones - ASIPONA ACAPULCO","robots":{"index":"index","follow":"follow","max-snippet":"max-snippet:-1","max-image-preview":"max-image-preview:large","max-video-preview":"max-video-preview:-1"},"canonical":"https:\/\/puertoacapulco.com.mx\/index.php\/licitaciones\/","og_locale":"es_ES","og_type":"article","og_title":"Licitaciones - ASIPONA ACAPULCO","og_description":"Para consulta de licitaciones p\u00fablicas correspondientes a Ingenier\u00eda (Obra P\u00fablica), revise la siguiente informaci\u00f3n: Ingenier\u00eda (OBRA P\u00daBLICA) En cumplimiento del","og_url":"https:\/\/puertoacapulco.com.mx\/index.php\/licitaciones\/","og_site_name":"ASIPONA ACAPULCO","article_publisher":"https:\/\/www.facebook.com\/PuertoAca","article_modified_time":"2026-04-20T21:59:42+00:00","og_image":[{"width":2838,"height":3005,"url":"https:\/\/puertoacapulco.com.mx\/wp-content\/uploads\/2023\/09\/cropped-LOGO-ASIPONA-EN-CURVAS-COLOR-BLANCO-Y-NEGRO-01-1.png","type":"image\/png"}],"twitter_card":"summary_large_image","twitter_site":"@PuertoAca","twitter_misc":{"Tiempo de lectura":"1 minuto"},"schema":{"@context":"https:\/\/schema.org","@graph":[{"@type":"WebPage","@id":"https:\/\/puertoacapulco.com.mx\/index.php\/licitaciones\/","url":"https:\/\/puertoacapulco.com.mx\/index.php\/licitaciones\/","name":"Licitaciones - ASIPONA ACAPULCO","isPartOf":{"@id":"https:\/\/puertoacapulco.com.mx\/#website"},"datePublished":"2026-04-20T15:40:24+00:00","dateModified":"2026-04-20T21:59:42+00:00","breadcrumb":{"@id":"https:\/\/puertoacapulco.com.mx\/index.php\/licitaciones\/#breadcrumb"},"inLanguage":"es","potentialAction":[{"@type":"ReadAction","target":["https:\/\/puertoacapulco.com.mx\/index.php\/licitaciones\/"]}]},{"@type":"BreadcrumbList","@id":"https:\/\/puertoacapulco.com.mx\/index.php\/licitaciones\/#breadcrumb","itemListElement":[{"@type":"ListItem","position":1,"name":"Portada","item":"https:\/\/puertoacapulco.com.mx\/"},{"@type":"ListItem","position":2,"name":"Licitaciones"}]},{"@type":"WebSite","@id":"https:\/\/puertoacapulco.com.mx\/#website","url":"https:\/\/puertoacapulco.com.mx\/","name":"ASIPONA ACAPULCO","description":"Administraci\u00f3n del Sistema Portuario Nacional Acapulco, S.A. de C.V.","publisher":{"@id":"https:\/\/puertoacapulco.com.mx\/#organization"},"potentialAction":[{"@type":"SearchAction","target":{"@type":"EntryPoint","urlTemplate":"https:\/\/puertoacapulco.com.mx\/?s={search_term_string}"},"query-input":"required name=search_term_string"}],"inLanguage":"es"},{"@type":"Organization","@id":"https:\/\/puertoacapulco.com.mx\/#organization","name":"ASIPONA ACAPULCO","url":"https:\/\/puertoacapulco.com.mx\/","logo":{"@type":"ImageObject","inLanguage":"es","@id":"https:\/\/puertoacapulco.com.mx\/#\/schema\/logo\/image\/","url":"https:\/\/puertoacapulco.com.mx\/wp-content\/uploads\/2023\/09\/cropped-LOGO-ASIPONA-EN-CURVAS-COLOR-BLANCO-Y-NEGRO-01-1.png","contentUrl":"https:\/\/puertoacapulco.com.mx\/wp-content\/uploads\/2023\/09\/cropped-LOGO-ASIPONA-EN-CURVAS-COLOR-BLANCO-Y-NEGRO-01-1.png","width":2838,"height":3005,"caption":"ASIPONA ACAPULCO"},"image":{"@id":"https:\/\/puertoacapulco.com.mx\/#\/schema\/logo\/image\/"},"sameAs":["https:\/\/www.facebook.com\/PuertoAca","https:\/\/twitter.com\/PuertoAca"]}]}},"_links":{"self":[{"href":"https:\/\/puertoacapulco.com.mx\/index.php\/wp-json\/wp\/v2\/pages\/2945"}],"collection":[{"href":"https:\/\/puertoacapulco.com.mx\/index.php\/wp-json\/wp\/v2\/pages"}],"about":[{"href":"https:\/\/puertoacapulco.com.mx\/index.php\/wp-json\/wp\/v2\/types\/page"}],"author":[{"embeddable":true,"href":"https:\/\/puertoacapulco.com.mx\/index.php\/wp-json\/wp\/v2\/users\/1"}],"replies":[{"embeddable":true,"href":"https:\/\/puertoacapulco.com.mx\/index.php\/wp-json\/wp\/v2\/comments?post=2945"}],"version-history":[{"count":18,"href":"https:\/\/puertoacapulco.com.mx\/index.php\/wp-json\/wp\/v2\/pages\/2945\/revisions"}],"predecessor-version":[{"id":2972,"href":"https:\/\/puertoacapulco.com.mx\/index.php\/wp-json\/wp\/v2\/pages\/2945\/revisions\/2972"}],"wp:attachment":[{"href":"https:\/\/puertoacapulco.com.mx\/index.php\/wp-json\/wp\/v2\/media?parent=2945"}],"curies":[{"name":"wp","href":"https:\/\/api.w.org\/{rel}","templated":true}]}}