{"id":2446,"date":"2025-07-16T12:22:20","date_gmt":"2025-07-16T18:22:20","guid":{"rendered":"https:\/\/puertoacapulco.com.mx\/?page_id=2446"},"modified":"2026-01-26T08:44:20","modified_gmt":"2026-01-26T14:44:20","slug":"programa-anual-de-adquisiciones","status":"publish","type":"page","link":"https:\/\/puertoacapulco.com.mx\/index.php\/programa-anual-de-adquisiciones\/","title":{"rendered":""},"content":{"rendered":"\n<h1 style=\"text-align: justify; text-transform: none;\">Programa Anual de Adquisiciones<\/h1>\n\n<h3  style=\"text-align: justify; text-transform:none;\"> \u200bPrograma Anual de Adquisiciones, Arrendamientos y Servicios (PAAAS) <\/h3>\n<br>\n<br>\n<ul>\n<li><a href=\"https:\/\/puertoacapulco.com.mx\/wp-content\/uploads\/2025\/07\/PAAAS.pdf\" target=\"_blank\" rel=\"noopener\">Programa anual de adquisiciones 2025<\/a><\/li>\n<li><a href=\"https:\/\/puertoacapulco.com.mx\/wp-content\/uploads\/2026\/01\/PAAAS_2026.pdf\" target=\"_blank\" rel=\"noopener\">Programa anual de adquisiciones 2026<\/a><\/li>\n<\/ul>\n<br>\n<br>\n<h1 style=\"text-align: justify; text-transform: none;\">Manuales<\/h1>\n<ul>\n<li><a href=\"https:\/\/puertoacapulco.com.mx\/wp-content\/uploads\/2025\/11\/MANUAL_DE_INTEGRACION-_CAAS.pdf\" target=\"_blank\" rel=\"noopener\">MANUAL DE INTEGRACI\u00d3N Y FUNCIONAMIENTO DEL COMIT\u00c9 DE ADQUISICIONES, ARRENDAMIENTOS Y SERVICIOS DE LA ADMINISTRACI\u00d3N DEL SISTEMA PORTUARIO NACIONAL ACAPULCO, S.A. DE C.V. <\/a><\/li>\n<li><a href=\"https:\/\/puertoacapulco.com.mx\/wp-content\/uploads\/2025\/11\/CAAS_Solicitud_de_excepcion_a_licitacion_publica.pdf\" target=\"_blank\" rel=\"noopener\">PRESENTACI\u00d3N DE ASUNTO Y DICTAMEN <\/a><\/li>\n\n<li><a href=\"https:\/\/puertoacapulco.com.mx\/wp-content\/uploads\/2025\/11\/CAAS_Presentacion_de_asuntos_y_dictamen.pdf\" target=\"_blank\" rel=\"noopener\">SOLICITUD DE EXCEPCI\u00d3N A LICITACION P\u00daBLICA<\/a><\/li>\n\n<li><a href=\"https:\/\/puertoacapulco.com.mx\/wp-content\/uploads\/2025\/11\/CAAS_Dictamen_de_excepcion_a_licitacion_publica_emitido_por_el_area_requirente.pdf\" target=\"_blank\" rel=\"noopener\">DICTAMEN DE EXCEPCION A LICITACION P\u00daBLICA EMITIDO POR EL \u00c1REA\nREQUIRENTE\n<\/a><\/li>\n\n<\/ul>\n","protected":false},"excerpt":{"rendered":"<p>Programa Anual de Adquisiciones \u200bPrograma Anual de Adquisiciones, Arrendamientos y Servicios (PAAAS) Programa anual de adquisiciones 2025 Programa anual de<\/p>\n","protected":false},"author":5,"featured_media":0,"parent":0,"menu_order":0,"comment_status":"closed","ping_status":"closed","template":"","meta":{"footnotes":""},"aioseo_notices":[],"yoast_head":"<!-- This site is optimized with the Yoast SEO plugin v22.1 - https:\/\/yoast.com\/wordpress\/plugins\/seo\/ -->\n<title>- ASIPONA ACAPULCO<\/title>\n<meta name=\"robots\" content=\"index, follow, max-snippet:-1, max-image-preview:large, max-video-preview:-1\" \/>\n<link rel=\"canonical\" href=\"https:\/\/puertoacapulco.com.mx\/index.php\/programa-anual-de-adquisiciones\/\" \/>\n<meta property=\"og:locale\" content=\"es_ES\" \/>\n<meta property=\"og:type\" content=\"article\" \/>\n<meta property=\"og:title\" content=\"- ASIPONA ACAPULCO\" \/>\n<meta property=\"og:description\" content=\"Programa Anual de Adquisiciones \u200bPrograma Anual de Adquisiciones, Arrendamientos y Servicios (PAAAS) Programa anual de adquisiciones 2025 Programa anual de\" \/>\n<meta property=\"og:url\" content=\"https:\/\/puertoacapulco.com.mx\/index.php\/programa-anual-de-adquisiciones\/\" \/>\n<meta property=\"og:site_name\" content=\"ASIPONA ACAPULCO\" \/>\n<meta property=\"article:publisher\" content=\"https:\/\/www.facebook.com\/PuertoAca\" \/>\n<meta property=\"article:modified_time\" content=\"2026-01-26T14:44:20+00:00\" \/>\n<meta property=\"og:image\" content=\"https:\/\/puertoacapulco.com.mx\/wp-content\/uploads\/2023\/09\/cropped-LOGO-ASIPONA-EN-CURVAS-COLOR-BLANCO-Y-NEGRO-01-1.png\" \/>\n\t<meta property=\"og:image:width\" content=\"2838\" \/>\n\t<meta property=\"og:image:height\" content=\"3005\" \/>\n\t<meta property=\"og:image:type\" content=\"image\/png\" \/>\n<meta name=\"twitter:card\" content=\"summary_large_image\" \/>\n<meta name=\"twitter:site\" content=\"@PuertoAca\" \/>\n<meta name=\"twitter:label1\" content=\"Tiempo de lectura\" \/>\n\t<meta name=\"twitter:data1\" content=\"1 minuto\" \/>\n<script type=\"application\/ld+json\" class=\"yoast-schema-graph\">{\"@context\":\"https:\/\/schema.org\",\"@graph\":[{\"@type\":\"WebPage\",\"@id\":\"https:\/\/puertoacapulco.com.mx\/index.php\/programa-anual-de-adquisiciones\/\",\"url\":\"https:\/\/puertoacapulco.com.mx\/index.php\/programa-anual-de-adquisiciones\/\",\"name\":\"- ASIPONA ACAPULCO\",\"isPartOf\":{\"@id\":\"https:\/\/puertoacapulco.com.mx\/#website\"},\"datePublished\":\"2025-07-16T18:22:20+00:00\",\"dateModified\":\"2026-01-26T14:44:20+00:00\",\"inLanguage\":\"es\",\"potentialAction\":[{\"@type\":\"ReadAction\",\"target\":[\"https:\/\/puertoacapulco.com.mx\/index.php\/programa-anual-de-adquisiciones\/\"]}]},{\"@type\":\"WebSite\",\"@id\":\"https:\/\/puertoacapulco.com.mx\/#website\",\"url\":\"https:\/\/puertoacapulco.com.mx\/\",\"name\":\"ASIPONA ACAPULCO\",\"description\":\"Administraci\u00f3n del Sistema Portuario Nacional Acapulco, S.A. de C.V.\",\"publisher\":{\"@id\":\"https:\/\/puertoacapulco.com.mx\/#organization\"},\"potentialAction\":[{\"@type\":\"SearchAction\",\"target\":{\"@type\":\"EntryPoint\",\"urlTemplate\":\"https:\/\/puertoacapulco.com.mx\/?s={search_term_string}\"},\"query-input\":\"required name=search_term_string\"}],\"inLanguage\":\"es\"},{\"@type\":\"Organization\",\"@id\":\"https:\/\/puertoacapulco.com.mx\/#organization\",\"name\":\"ASIPONA ACAPULCO\",\"url\":\"https:\/\/puertoacapulco.com.mx\/\",\"logo\":{\"@type\":\"ImageObject\",\"inLanguage\":\"es\",\"@id\":\"https:\/\/puertoacapulco.com.mx\/#\/schema\/logo\/image\/\",\"url\":\"https:\/\/puertoacapulco.com.mx\/wp-content\/uploads\/2023\/09\/cropped-LOGO-ASIPONA-EN-CURVAS-COLOR-BLANCO-Y-NEGRO-01-1.png\",\"contentUrl\":\"https:\/\/puertoacapulco.com.mx\/wp-content\/uploads\/2023\/09\/cropped-LOGO-ASIPONA-EN-CURVAS-COLOR-BLANCO-Y-NEGRO-01-1.png\",\"width\":2838,\"height\":3005,\"caption\":\"ASIPONA ACAPULCO\"},\"image\":{\"@id\":\"https:\/\/puertoacapulco.com.mx\/#\/schema\/logo\/image\/\"},\"sameAs\":[\"https:\/\/www.facebook.com\/PuertoAca\",\"https:\/\/twitter.com\/PuertoAca\"]}]}<\/script>\n<!-- \/ Yoast SEO plugin. -->","yoast_head_json":{"title":"- ASIPONA ACAPULCO","robots":{"index":"index","follow":"follow","max-snippet":"max-snippet:-1","max-image-preview":"max-image-preview:large","max-video-preview":"max-video-preview:-1"},"canonical":"https:\/\/puertoacapulco.com.mx\/index.php\/programa-anual-de-adquisiciones\/","og_locale":"es_ES","og_type":"article","og_title":"- ASIPONA ACAPULCO","og_description":"Programa Anual de Adquisiciones \u200bPrograma Anual de Adquisiciones, Arrendamientos y Servicios (PAAAS) Programa anual de adquisiciones 2025 Programa anual de","og_url":"https:\/\/puertoacapulco.com.mx\/index.php\/programa-anual-de-adquisiciones\/","og_site_name":"ASIPONA ACAPULCO","article_publisher":"https:\/\/www.facebook.com\/PuertoAca","article_modified_time":"2026-01-26T14:44:20+00:00","og_image":[{"width":2838,"height":3005,"url":"https:\/\/puertoacapulco.com.mx\/wp-content\/uploads\/2023\/09\/cropped-LOGO-ASIPONA-EN-CURVAS-COLOR-BLANCO-Y-NEGRO-01-1.png","type":"image\/png"}],"twitter_card":"summary_large_image","twitter_site":"@PuertoAca","twitter_misc":{"Tiempo de lectura":"1 minuto"},"schema":{"@context":"https:\/\/schema.org","@graph":[{"@type":"WebPage","@id":"https:\/\/puertoacapulco.com.mx\/index.php\/programa-anual-de-adquisiciones\/","url":"https:\/\/puertoacapulco.com.mx\/index.php\/programa-anual-de-adquisiciones\/","name":"- ASIPONA ACAPULCO","isPartOf":{"@id":"https:\/\/puertoacapulco.com.mx\/#website"},"datePublished":"2025-07-16T18:22:20+00:00","dateModified":"2026-01-26T14:44:20+00:00","inLanguage":"es","potentialAction":[{"@type":"ReadAction","target":["https:\/\/puertoacapulco.com.mx\/index.php\/programa-anual-de-adquisiciones\/"]}]},{"@type":"WebSite","@id":"https:\/\/puertoacapulco.com.mx\/#website","url":"https:\/\/puertoacapulco.com.mx\/","name":"ASIPONA ACAPULCO","description":"Administraci\u00f3n del Sistema Portuario Nacional Acapulco, S.A. de C.V.","publisher":{"@id":"https:\/\/puertoacapulco.com.mx\/#organization"},"potentialAction":[{"@type":"SearchAction","target":{"@type":"EntryPoint","urlTemplate":"https:\/\/puertoacapulco.com.mx\/?s={search_term_string}"},"query-input":"required name=search_term_string"}],"inLanguage":"es"},{"@type":"Organization","@id":"https:\/\/puertoacapulco.com.mx\/#organization","name":"ASIPONA ACAPULCO","url":"https:\/\/puertoacapulco.com.mx\/","logo":{"@type":"ImageObject","inLanguage":"es","@id":"https:\/\/puertoacapulco.com.mx\/#\/schema\/logo\/image\/","url":"https:\/\/puertoacapulco.com.mx\/wp-content\/uploads\/2023\/09\/cropped-LOGO-ASIPONA-EN-CURVAS-COLOR-BLANCO-Y-NEGRO-01-1.png","contentUrl":"https:\/\/puertoacapulco.com.mx\/wp-content\/uploads\/2023\/09\/cropped-LOGO-ASIPONA-EN-CURVAS-COLOR-BLANCO-Y-NEGRO-01-1.png","width":2838,"height":3005,"caption":"ASIPONA ACAPULCO"},"image":{"@id":"https:\/\/puertoacapulco.com.mx\/#\/schema\/logo\/image\/"},"sameAs":["https:\/\/www.facebook.com\/PuertoAca","https:\/\/twitter.com\/PuertoAca"]}]}},"_links":{"self":[{"href":"https:\/\/puertoacapulco.com.mx\/index.php\/wp-json\/wp\/v2\/pages\/2446"}],"collection":[{"href":"https:\/\/puertoacapulco.com.mx\/index.php\/wp-json\/wp\/v2\/pages"}],"about":[{"href":"https:\/\/puertoacapulco.com.mx\/index.php\/wp-json\/wp\/v2\/types\/page"}],"author":[{"embeddable":true,"href":"https:\/\/puertoacapulco.com.mx\/index.php\/wp-json\/wp\/v2\/users\/5"}],"replies":[{"embeddable":true,"href":"https:\/\/puertoacapulco.com.mx\/index.php\/wp-json\/wp\/v2\/comments?post=2446"}],"version-history":[{"count":7,"href":"https:\/\/puertoacapulco.com.mx\/index.php\/wp-json\/wp\/v2\/pages\/2446\/revisions"}],"predecessor-version":[{"id":2810,"href":"https:\/\/puertoacapulco.com.mx\/index.php\/wp-json\/wp\/v2\/pages\/2446\/revisions\/2810"}],"wp:attachment":[{"href":"https:\/\/puertoacapulco.com.mx\/index.php\/wp-json\/wp\/v2\/media?parent=2446"}],"curies":[{"name":"wp","href":"https:\/\/api.w.org\/{rel}","templated":true}]}}