{"id":1646,"date":"2024-04-25T15:01:13","date_gmt":"2024-04-25T21:01:13","guid":{"rendered":"https:\/\/puertoacapulco.com.mx\/?page_id=1646"},"modified":"2026-03-23T09:39:37","modified_gmt":"2026-03-23T15:39:37","slug":"prestadores-de-servicio","status":"publish","type":"page","link":"https:\/\/puertoacapulco.com.mx\/index.php\/prestadores-de-servicio\/","title":{"rendered":"Directorio Portuario"},"content":{"rendered":"\n<div class=\"wp-block-columns is-layout-flex wp-container-3 wp-block-columns-is-layout-flex\">\n<div class=\"wp-block-column is-layout-flow wp-block-column-is-layout-flow\" style=\"flex-basis:100%\">\n<div class=\"wp-block-group is-layout-constrained wp-block-group-is-layout-constrained\"><\/div>\n<\/div>\n<\/div>\n\n\n\n<br>\n<h2 style=\"text-align: justify; text-transform: none;\">Administraci\u00f3n del Sistema Portuario Nacional Acapulco <\/h2>\n<br>\n<p style=\"text-align: justify; text-transform: none;\">Acapulco Port Administration <\/p>\n<br>\n<figure class=\"\">\n\n      <table class=\"has-border-color has-black-border-color\">\n        <tbody>\n\n          <tr>\n            <td class=\"has-text-align-left\" data-align=\"left\"><strong>GERENCIA \/ \u00c1REA<\/strong><\/td>\n            <td><strong>EMAIL<\/strong><\/td>\n            <td><strong>TEL\u00c9FONO<\/strong><\/td>\n            \n          <\/tr>\n            <tr>\n              <td class=\"has-text-align-left\" data-align=\"left\" style=\"text-align: justify; text-transform:none;\">Direcci\u00f3n General <\/td>\n              <td class=\"has-text-align-left\" data-align=\"left\" style=\"text-align: justify; text-transform: none;\">dirgral@puertoacapulco.com.mx<\/td>\n              <td><p style=\"text-align: justify; text-transform: none;\">744 462 5551<\/p><\/td>    \n               <\/a><\/td>\n              \n            <\/tr>\n            \n            <tr>\n              <td class=\"has-text-align-left\" data-align=\"left\" style=\"text-align: justify; text-transform:none; \" >Gerencia de Administraci\u00f3n y Finanzas  <\/td>\n              <td class=\"has-text-align-left\" data-align=\"left\" style=\"text-align: justify; text-transform: none;\">sgfinanzas@puertoacapulco.com.mx<\/td>\n              <td><p style=\"text-align: justify; text-transform: none;\">744 326 0143<\/p><\/td>    \n               <\/a><\/td>\n            \n            <\/tr>\n\n            <tr>\n              <td class=\"has-text-align-left\" data-align=\"left\" style=\"text-align: justify; text-transform:none; \" >Gerencia de Comercializaci\u00f3n  <\/td>\n              <td class=\"has-text-align-left\" data-align=\"left\" style=\"text-align: justify; text-transform: none;\" >comercial@puertoacapulco.com.mx<\/td>\n              <td><p style=\"text-align: justify; text-transform: none;\">744 355 7786<\/p><\/td>    \n               <\/a><\/td>\n              \n            <\/tr>\n\n            <tr>\n              <td class=\"has-text-align-left\" data-align=\"left\" style=\"text-align: justify; text-transform:none; \" >Gerencia de Operaciones e Ingenier\u00eda <\/td>\n              <td class=\"has-text-align-left\" data-align=\"left\" style=\"text-align: justify; text-transform: none;\">goperaciones@puertoacapulco.com.mx<\/td>\n              <td><p style=\"text-align: justify; text-transform: none;\">744 355 7814<\/p><\/td>    \n               <\/a><\/td>\n              \n            <\/tr>\n\n            <tr>\n              <td class=\"has-text-align-left\" data-align=\"left\" style=\"text-align: justify; text-transform:none; \" >Subgerencia Jur\u00eddica  <\/td>\n              <td class=\"has-text-align-left\" data-align=\"left\" style=\"text-align: justify; text-transform: none;\">sgjuridico@puertoacapulco.com.mx<\/td>\n              <td><p style=\"text-align: justify; text-transform: none;\">744 462 5551<\/p><\/td>    \n               <\/a><\/td>\n           \n            <\/tr>  \n\n            <tr>\n              <td class=\"has-text-align-left\" data-align=\"left\" style=\"text-align: justify; text-transform:none; \" >Jefatura de Contratos <\/td>\n              <td class=\"has-text-align-left\" data-align=\"left\" style=\"text-align: justify; text-transform: none;\">jdcontratos@puertoacapulco.com.mx<\/td>\n              <td><p style=\"text-align: justify; text-transform: none;\">744 462 5551<\/p><\/td>    \n               <\/a><\/td>\n             \n            <\/tr>  \n\n             <tr>\n              <td class=\"has-text-align-left\" data-align=\"left\" style=\"text-align: justify; text-transform:none; \" >Tecnolog\u00edas de la Informaci\u00f3n <\/td>\n              <td class=\"has-text-align-left\" data-align=\"left\" style=\"text-align: justify; text-transform: none;\">informatica@puertoacapulco.com.mx<\/td>\n              <td><p style=\"text-align: justify; text-transform: none;\">744 462 5551<\/p><\/td>    \n               <\/a><\/td>              \n            <\/tr>    \n\n            <tr>\n              <td class=\"has-text-align-left\" data-align=\"left\" style=\"text-align: justify; text-transform:none; \">Puerto Inteligente Seguro <\/td>\n              <td class=\"has-text-align-left\" data-align=\"left\" style=\"text-align: justify; text-transform: none;\">soporte.pis@puertoacapulco.com.mx<\/td>\n              <td><p style=\"text-align: justify; text-transform: none;\">744 462 5551<\/p><\/td>    \n               <\/a><\/td>           \n            <\/tr>       \n\n            <\/tbody>\n      <\/table>\n    <\/figure>\n\n\n\n<h2  style=\"text-align: justify; text-transform:none;\"> Prestadores de Servicio <\/h2>\n\n\n\n<br>\n<p style=\"text-align: justify; text-transform: none;\">Autorizados para brindar servicios portuarios y Conexos en el Puerto de Acapulco<\/p>\n<br>\n<p style=\"text-align: justify; text-transform: none;\">Authorized to provide port and related services in the Port of Acapulco <\/p>\n<br>\n<br>\n\n\n\n<table class=\"has-border-color has-black-border-color\" style=\"width:100%\">\n        <tbody>\n\n          <tr>\n            <td style=\"width:20%\"><strong>EMPRESA<\/strong><\/td>\n            <td  style=\"text-align: justify; text-transform: none; width:80%\"><strong> OBJETO <\/strong><\/td>           \n            <td style=\"width:15%\"><strong>CONTACTO<\/strong><\/td>\n            <td style=\"width:15%\"><strong>EMAIL<\/strong><\/td>\n            <td><strong>TELEFONO<\/strong><\/td>\n             <td><strong>TARIFAS<\/strong><\/td>\n              <td><strong>PAGINA WEB<\/strong><\/td>\n          <\/tr>\n\n\n            <tr>\n              <td class=\"has-text-align-left\" data-align=\"left\"><p style=\"text-align: justify; text-transform: none; font-size: small;\">MEXROM <\/p><\/td>             \n              <td><p style=\"text-align: justify; text-transform: none; font-size: small;\">Servicio de <br> Avituallamiento<\/p><\/td>\n              <td><p style=\"text-align: justify; text-transform: none; font-size: small;\">Diana Carreras Perez <\/p><\/td>\n              <td class=\"has-text-align-left\" data-align=\"left\" style=\"text-align: justify; text-transform: none;\">sales@lasirena.com.mx<\/td>\n              <td>229 932 0641 \/229 279 0656<\/td>\n              <td><\/td>\n              <td> <a href=\"https:\/\/lasirena.com.mx\/\" target=\"_blank\" rel=\"noopener\"> https:\/\/lasirena.com.mx\/  <\/a> <\/td>           \n            <\/tr>\n\n              <tr>\n              <td class=\"has-text-align-left\" data-align=\"left\"><p style=\"text-align: justify; text-transform: none; font-size: x-small;\">CORPORATIVO CO-CIVINDUSTRIAL<\/p><\/td>              \n              <td><p style=\"text-align: justify; text-transform: none; font-size: small;\">Servicio de Barreras<\/p><\/td>\n              <td><p style=\"text-align: justify; text-transform: none; font-size: small;\">Miguel \u00c1ngel Morales Ben\u00edtez<\/p><\/td>             \n              <td class=\"has-text-align-left\" data-align=\"left\" style=\"text-align: justify; text-transform: none;\">contacto.acapulco@co-civindustrial.com<\/td>\n              <td>744 370 8272<\/td>\n              <td><a href=\"https:\/\/puertoacapulco.com.mx\/documentos\/tarifas\/Tarifas_Vigentes_covindustrial.pdf\" target=\"_blank\" style=\"color: blue; text-decoration: underline;\" rel=\"noopener\">\n\n<img loading=\"lazy\" decoding=\"async\" src=\"https:\/\/puertoacapulco.com.mx\/wp-content\/uploads\/2024\/03\/iconitopaloma.gif\" border=\"0\" alt=\"Paloma\" title=\"Paloma\" width=\"10\" height=\"10\" style=\"vertical-align: middle;\">\n    \n<\/a><\/td>\n              <td><\/td>\n            <\/tr>\n\n <tr>\n              <td class=\"has-text-align-left\" data-align=\"left\"><p style=\"text-align: justify; text-transform: none; font-size: smaller;\">Navalmex Combustibles, S.A. de C.V. <\/p> <\/td>\n              <td><p style=\"text-align: justify; text-transform: none; font-size: small;\">Servicio  de <br> Suministro de Combustibles Marinos <\/p><\/td>\n              <td><p style=\"text-align: justify; text-transform: none; font-size: small;\">Yolanda Lissete Mondrag\u00f3n M\u00e9ndez<\/p><\/td>\n              <td class=\"has-text-align-left\" data-align=\"left\" style=\"text-align: justify; text-transform: none;\">ymondragon@naval-mexicana.com.mx<\/td>\n              <td>5526536952<\/td>\n              <td><\/td>\n              <td><\/td>\n            <\/tr>\n\n             <tr>\n              <td class=\"has-text-align-left\" data-align=\"left\"> <p style=\"text-align: justify; text-transform: none; font-size: small;\">GLOBAL TIMEMX<\/p><\/td>              \n              <td><p style=\"text-align: justify; text-transform: none; font-size: small;\">Servicio de Maniobras <\/p><\/td>\n              <td><p style=\"text-align: justify; text-transform: none; font-size: small;\">Dionicio Cruz Morales <\/p><\/td>\n              <td class=\"has-text-align-left\" data-align=\"left\" style=\"text-align: justify; text-transform: none;\">jose.morales@globaltmx.org<\/td>\n              <td>753 115 7947<\/td>\n              <td><a href=\"https:\/\/puertoacapulco.com.mx\/wp-content\/uploads\/2025\/03\/TARIFAS_GLOBAL_2025.pdf\" target=\"_blank\" style=\"color: blue; text-decoration: underline;\" rel=\"noopener\">\n\n<img loading=\"lazy\" decoding=\"async\" src=\"https:\/\/puertoacapulco.com.mx\/wp-content\/uploads\/2024\/03\/iconitopaloma.gif\" border=\"0\" alt=\"Paloma\" title=\"Paloma\" width=\"10\" height=\"10\" style=\"vertical-align: middle;\">\n    \n<\/a><\/td>\n <td> <a href=\"https:\/\/www.globaltmx.org.mx\/\" target=\"_blank\" rel=\"noopener\"><p style=\"text-align: justify; text-transform: none;\">https:\/\/www.globaltmx.org.mx\/<\/p> <\/a><\/td>\n            <\/tr>\n\n\n\n          <tr>\n              <td class=\"has-text-align-left\" data-align=\"left\"><p style=\"text-align: justify; text-transform: none; font-size: x-small;\">CONEKTA INTERMODAL<\/p><\/td>            \n              <td><p style=\"text-align: justify; text-transform: none; font-size: small;\">Servicio de Maniobras<\/p><\/td>\n              <td><p style=\"text-align: justify; text-transform: none; font-size: small;\">Juan Antonio Ibarra Heredia<\/p><\/td>\n              <td class=\"has-text-align-left\" data-align=\"left\" style=\"text-align: justify; text-transform: none;\">promocion@conektaintermodal.com<\/td>\n              <td>6688568194<\/td>\n              <td><a href=\"https:\/\/puertoacapulco.com.mx\/wp-content\/uploads\/2025\/03\/Tarifas_Maniobras_vehiculos_CONEKTA.pdf\" target=\"_blank\" style=\"color: blue; text-decoration: underline;\" rel=\"noopener\">\n\n<img loading=\"lazy\" decoding=\"async\" src=\"https:\/\/puertoacapulco.com.mx\/wp-content\/uploads\/2024\/03\/iconitopaloma.gif\" border=\"0\" alt=\"Paloma\" title=\"Paloma\" width=\"10\" height=\"10\" style=\"vertical-align: middle;\">\n    \n<\/a><\/td>\n              <td><\/td>\n          <\/tr>\n\n          \n\n            <tr>\n              <td class=\"has-text-align-left\" data-align=\"left\"><p style=\"text-align: justify; text-transform: none; font-size: small;\">SAUL ARELLANO LARA<\/p><\/td>              \n              <td><p style=\"text-align: justify; text-transform: none; font-size: small;\">Servicio de Lanchaje<\/p><\/td>\n              <td><p style=\"text-align: justify; text-transform: none; font-size: small;\">Sa\u00fal Arellano Lara<\/p><\/td>\n              <td class=\"has-text-align-left\" data-align=\"left\" style=\"text-align: justify; text-transform: none;\">acasnorkelsaul2024@outlook.com<\/td>\n              <td>7441622657<\/td>\n              <td><\/td>\n              <td><\/td>\n            <\/tr>\n\n            <tr>\n              <td class=\"has-text-align-left\" data-align=\"left\"><p style=\"text-align: justify; text-transform: none; font-size: x-small;\">TRANSPORTE DE LANCHAJE SANTA LUCIA S.A DE C.V<\/p><\/td>             \n              <td><p style=\"text-align: justify; text-transform: none; font-size: small;\">Servicio de Lanchaje<\/p><\/td>\n              <td><p style=\"text-align: justify; text-transform: none; font-size: small;\">Jorge Ernesto Rubio Galaviz<\/p> <\/td>\n              <td class=\"has-text-align-left\" data-align=\"left\" style=\"text-align: justify; text-transform: none;\">cap.jorge.rubio@gmail.com<\/td>\n              <td>6691960380<\/td>\n              <td><a href=\"https:\/\/puertoacapulco.com.mx\/wp-content\/uploads\/2025\/03\/TARIFAS_SANTA_LUCIA.pdf\" target=\"_blank\" style=\"color: blue; text-decoration: underline;\" rel=\"noopener\">\n\n<img loading=\"lazy\" decoding=\"async\" src=\"https:\/\/puertoacapulco.com.mx\/wp-content\/uploads\/2024\/03\/iconitopaloma.gif\" border=\"0\" alt=\"Paloma\" title=\"Paloma\" width=\"10\" height=\"10\" style=\"vertical-align: middle;\">\n    \n<\/a><\/td>\n              <td><\/td>\n            <\/tr>\n\n\n            <tr>\n              <td class=\"has-text-align-left\" data-align=\"left\"><p style=\"text-align: justify; text-transform: none; font-size: xx-small;\">MARITIME PROCUREMENT SERVICES <\/p><\/td>             \n              <td><p style=\"text-align: justify; text-transform: none; font-size: small;\">Recolecci\u00f3n\nde Residuos <\/p><\/td>\n              <td><p style=\"text-align: justify; text-transform: none; font-size: small;\">Barani Lira P\u00e9rez<\/p><\/td>\n              <td class=\"has-text-align-left\" data-align=\"left\" style=\"text-align: justify; text-transform: none;\">blira@maritimeps.com<\/td>\n              <td>5580235037\/8332801137 <\/td>\n              <td><\/td>\n              <td><\/td>\n            <\/tr>\n\n<tr>\n              <td class=\"has-text-align-left\" data-align=\"left\"><p style=\"text-align: justify; text-transform: none; font-size: small;\">NABEVA S.A DE C.V<\/p><\/td>             \n              <td><p style=\"text-align: justify; text-transform: none; font-size: small;\">Servicio de Suministro de Agua <\/p><\/td>\n              <td><p style=\"text-align: justify; text-transform: none; font-size: small;\">Ing. Napole\u00f3n Bernal Vargas<\/p><\/td>\n              <td class=\"has-text-align-left\" data-align=\"left\" style=\"text-align: justify; text-transform: none;\">com_nabeva@hotmail.com<\/td>\n              <td>744 208 5204<\/td>\n              <td><\/td>\n              <td><\/td>\n            <\/tr>\n           \n\n            <\/tbody>\n<tr>\n              <td class=\"has-text-align-left\" data-align=\"left\"><p style=\"text-align: justify; text-transform: none; font-size: small;\">IV\u00c1N VALENZUELA L\u00d3PEZ<\/p><\/td>             \n              <td><p style=\"text-align: justify; text-transform: none; font-size: small;\">Servicio de Barreras <\/p><\/td>\n              <td><p style=\"text-align: justify; text-transform: none; font-size: small;\">Iv\u00e1n Valenzuela L\u00f3pez<\/p><\/td>\n              <td class=\"has-text-align-left\" data-align=\"left\" style=\"text-align: justify; text-transform: none;\"> i_va_lo@hotmail.com <\/td>\n              <td>+52 1 668 112 3664<\/td>\n              <td><\/td>\n              <td><\/td>\n            <\/tr>\n           \n\n            <\/tbody>\n      <\/table>\n\n\n\n<br>\n<h2 style=\"text-align: justify; text-transform: none;\">Agencias Navieras y Consignatarias <\/h2>\n<br>\n<p style=\"text-align: justify; text-transform: none;\">Shipping and Consignee Agencies <\/p>\n<br>\n<figure class=\"\">\n\n      <table class=\"has-border-color has-black-border-color\">\n        <tbody>\n\n          <tr>\n            <td class=\"has-text-align-left\" data-align=\"left\"><strong>L\u00cdNEA NAVIERA <\/strong><\/td>\n            <td><strong>REPRESENTANTE<\/strong><\/td>\n            <td><strong>EMAIL<\/strong><\/td>\n            <td><strong>TEL\u00c9FONO<\/strong><\/td>\n            \n          <\/tr>\n            <tr>\n              <td class=\"has-text-align-left\" data-align=\"left\">MERITUS HOLDINGS SA DE CV <\/td>\n              <td class=\"has-text-align-left\" data-align=\"left\" style=\"text-align: justify; text-transform: none;\"><p style=\"text-align: justify; text-transform: none;\">Sergio Belmontes Alegre; \nLuis Antonio Mu\u00f1oz Marroqu\u00edn <\/p>\n<\/td>\n<td style=\"text-transform: none;\"> meritusaca@meritus.com.mx; amarroquin@meritus.com.mx <\/td>\n              <td><p style=\"text-align: justify; text-transform: none;\">7535342004 ; 7531410441 \n<\/p><\/td>    \n               <\/a><\/td>              \n            <\/tr>\n            <tr>\n                 <td class=\"has-text-align-left\" data-align=\"left\">NAVECOPA <\/td>\n<td class=\"has-text-align-left\" data-align=\"left\" style=\"text-align: justify; text-transform: none;\"> <p style=\"text-align: justify; text-transform: none;\">Benjamin Cruz <\/p>\n<\/td>\n<td style=\"text-transform: none\">acapulco@navecopa.com <\/td>\n<td><p style=\"text-align: justify; text-transform: none;\">7444689995 ; 3141196329\n<\/p><\/td>\n            <\/tr>\n\n<tr>\n<td class=\"has-text-align-left\" data-align=\"left\">MARITIMEX <\/td>\n<td class=\"has-text-align-left\" data-align=\"left\" style=\"text-align: justify; text-transform: none;\"> <p style=\"text-align: justify; text-transform: none;\">Jorge Manuel Castillo Mart\u00ednez<\/p>\n<\/td>\n<td style=\"text-transform: none\" >jcastillo@maritimex.com.mx<\/td>\n<td> <p style=\"text-align: justify; text-transform: none;\">+52 (744) 483 0109 ; 52 (56) 1011 3850\n<\/p> <\/td>\n<\/tr>\n          \n          \n            <\/tbody>\n      <\/table>\n    <\/figure>\n","protected":false},"excerpt":{"rendered":"<p>Administraci\u00f3n del Sistema Portuario Nacional Acapulco Acapulco Port Administration GERENCIA \/ \u00c1REA EMAIL TEL\u00c9FONO Direcci\u00f3n General dirgral@puertoacapulco.com.mx 744 462 5551<\/p>\n","protected":false},"author":1,"featured_media":0,"parent":0,"menu_order":0,"comment_status":"closed","ping_status":"closed","template":"","meta":{"footnotes":""},"aioseo_notices":[],"yoast_head":"<!-- This site is optimized with the Yoast SEO plugin v22.1 - https:\/\/yoast.com\/wordpress\/plugins\/seo\/ -->\n<title>Directorio Portuario - ASIPONA ACAPULCO<\/title>\n<meta name=\"robots\" content=\"index, follow, max-snippet:-1, max-image-preview:large, max-video-preview:-1\" \/>\n<link rel=\"canonical\" href=\"https:\/\/puertoacapulco.com.mx\/index.php\/prestadores-de-servicio\/\" \/>\n<meta property=\"og:locale\" content=\"es_ES\" \/>\n<meta property=\"og:type\" content=\"article\" \/>\n<meta property=\"og:title\" content=\"Directorio Portuario - ASIPONA ACAPULCO\" \/>\n<meta property=\"og:description\" content=\"Administraci\u00f3n del Sistema Portuario Nacional Acapulco Acapulco Port Administration GERENCIA \/ \u00c1REA EMAIL TEL\u00c9FONO Direcci\u00f3n General dirgral@puertoacapulco.com.mx 744 462 5551\" \/>\n<meta property=\"og:url\" content=\"https:\/\/puertoacapulco.com.mx\/index.php\/prestadores-de-servicio\/\" \/>\n<meta property=\"og:site_name\" content=\"ASIPONA ACAPULCO\" \/>\n<meta property=\"article:publisher\" content=\"https:\/\/www.facebook.com\/PuertoAca\" \/>\n<meta property=\"article:modified_time\" content=\"2026-03-23T15:39:37+00:00\" \/>\n<meta property=\"og:image\" content=\"https:\/\/puertoacapulco.com.mx\/wp-content\/uploads\/2024\/03\/iconitopaloma.gif\" \/>\n<meta name=\"twitter:card\" content=\"summary_large_image\" \/>\n<meta name=\"twitter:site\" content=\"@PuertoAca\" \/>\n<meta name=\"twitter:label1\" content=\"Tiempo de lectura\" \/>\n\t<meta name=\"twitter:data1\" content=\"3 minutos\" \/>\n<script type=\"application\/ld+json\" class=\"yoast-schema-graph\">{\"@context\":\"https:\/\/schema.org\",\"@graph\":[{\"@type\":\"WebPage\",\"@id\":\"https:\/\/puertoacapulco.com.mx\/index.php\/prestadores-de-servicio\/\",\"url\":\"https:\/\/puertoacapulco.com.mx\/index.php\/prestadores-de-servicio\/\",\"name\":\"Directorio Portuario - ASIPONA ACAPULCO\",\"isPartOf\":{\"@id\":\"https:\/\/puertoacapulco.com.mx\/#website\"},\"datePublished\":\"2024-04-25T21:01:13+00:00\",\"dateModified\":\"2026-03-23T15:39:37+00:00\",\"breadcrumb\":{\"@id\":\"https:\/\/puertoacapulco.com.mx\/index.php\/prestadores-de-servicio\/#breadcrumb\"},\"inLanguage\":\"es\",\"potentialAction\":[{\"@type\":\"ReadAction\",\"target\":[\"https:\/\/puertoacapulco.com.mx\/index.php\/prestadores-de-servicio\/\"]}]},{\"@type\":\"BreadcrumbList\",\"@id\":\"https:\/\/puertoacapulco.com.mx\/index.php\/prestadores-de-servicio\/#breadcrumb\",\"itemListElement\":[{\"@type\":\"ListItem\",\"position\":1,\"name\":\"Portada\",\"item\":\"https:\/\/puertoacapulco.com.mx\/\"},{\"@type\":\"ListItem\",\"position\":2,\"name\":\"Directorio Portuario\"}]},{\"@type\":\"WebSite\",\"@id\":\"https:\/\/puertoacapulco.com.mx\/#website\",\"url\":\"https:\/\/puertoacapulco.com.mx\/\",\"name\":\"ASIPONA ACAPULCO\",\"description\":\"Administraci\u00f3n del Sistema Portuario Nacional Acapulco, S.A. de C.V.\",\"publisher\":{\"@id\":\"https:\/\/puertoacapulco.com.mx\/#organization\"},\"potentialAction\":[{\"@type\":\"SearchAction\",\"target\":{\"@type\":\"EntryPoint\",\"urlTemplate\":\"https:\/\/puertoacapulco.com.mx\/?s={search_term_string}\"},\"query-input\":\"required name=search_term_string\"}],\"inLanguage\":\"es\"},{\"@type\":\"Organization\",\"@id\":\"https:\/\/puertoacapulco.com.mx\/#organization\",\"name\":\"ASIPONA ACAPULCO\",\"url\":\"https:\/\/puertoacapulco.com.mx\/\",\"logo\":{\"@type\":\"ImageObject\",\"inLanguage\":\"es\",\"@id\":\"https:\/\/puertoacapulco.com.mx\/#\/schema\/logo\/image\/\",\"url\":\"https:\/\/puertoacapulco.com.mx\/wp-content\/uploads\/2023\/09\/cropped-LOGO-ASIPONA-EN-CURVAS-COLOR-BLANCO-Y-NEGRO-01-1.png\",\"contentUrl\":\"https:\/\/puertoacapulco.com.mx\/wp-content\/uploads\/2023\/09\/cropped-LOGO-ASIPONA-EN-CURVAS-COLOR-BLANCO-Y-NEGRO-01-1.png\",\"width\":2838,\"height\":3005,\"caption\":\"ASIPONA ACAPULCO\"},\"image\":{\"@id\":\"https:\/\/puertoacapulco.com.mx\/#\/schema\/logo\/image\/\"},\"sameAs\":[\"https:\/\/www.facebook.com\/PuertoAca\",\"https:\/\/twitter.com\/PuertoAca\"]}]}<\/script>\n<!-- \/ Yoast SEO plugin. -->","yoast_head_json":{"title":"Directorio Portuario - ASIPONA ACAPULCO","robots":{"index":"index","follow":"follow","max-snippet":"max-snippet:-1","max-image-preview":"max-image-preview:large","max-video-preview":"max-video-preview:-1"},"canonical":"https:\/\/puertoacapulco.com.mx\/index.php\/prestadores-de-servicio\/","og_locale":"es_ES","og_type":"article","og_title":"Directorio Portuario - ASIPONA ACAPULCO","og_description":"Administraci\u00f3n del Sistema Portuario Nacional Acapulco Acapulco Port Administration GERENCIA \/ \u00c1REA EMAIL TEL\u00c9FONO Direcci\u00f3n General dirgral@puertoacapulco.com.mx 744 462 5551","og_url":"https:\/\/puertoacapulco.com.mx\/index.php\/prestadores-de-servicio\/","og_site_name":"ASIPONA ACAPULCO","article_publisher":"https:\/\/www.facebook.com\/PuertoAca","article_modified_time":"2026-03-23T15:39:37+00:00","og_image":[{"url":"https:\/\/puertoacapulco.com.mx\/wp-content\/uploads\/2024\/03\/iconitopaloma.gif"}],"twitter_card":"summary_large_image","twitter_site":"@PuertoAca","twitter_misc":{"Tiempo de lectura":"3 minutos"},"schema":{"@context":"https:\/\/schema.org","@graph":[{"@type":"WebPage","@id":"https:\/\/puertoacapulco.com.mx\/index.php\/prestadores-de-servicio\/","url":"https:\/\/puertoacapulco.com.mx\/index.php\/prestadores-de-servicio\/","name":"Directorio Portuario - ASIPONA ACAPULCO","isPartOf":{"@id":"https:\/\/puertoacapulco.com.mx\/#website"},"datePublished":"2024-04-25T21:01:13+00:00","dateModified":"2026-03-23T15:39:37+00:00","breadcrumb":{"@id":"https:\/\/puertoacapulco.com.mx\/index.php\/prestadores-de-servicio\/#breadcrumb"},"inLanguage":"es","potentialAction":[{"@type":"ReadAction","target":["https:\/\/puertoacapulco.com.mx\/index.php\/prestadores-de-servicio\/"]}]},{"@type":"BreadcrumbList","@id":"https:\/\/puertoacapulco.com.mx\/index.php\/prestadores-de-servicio\/#breadcrumb","itemListElement":[{"@type":"ListItem","position":1,"name":"Portada","item":"https:\/\/puertoacapulco.com.mx\/"},{"@type":"ListItem","position":2,"name":"Directorio Portuario"}]},{"@type":"WebSite","@id":"https:\/\/puertoacapulco.com.mx\/#website","url":"https:\/\/puertoacapulco.com.mx\/","name":"ASIPONA ACAPULCO","description":"Administraci\u00f3n del Sistema Portuario Nacional Acapulco, S.A. de C.V.","publisher":{"@id":"https:\/\/puertoacapulco.com.mx\/#organization"},"potentialAction":[{"@type":"SearchAction","target":{"@type":"EntryPoint","urlTemplate":"https:\/\/puertoacapulco.com.mx\/?s={search_term_string}"},"query-input":"required name=search_term_string"}],"inLanguage":"es"},{"@type":"Organization","@id":"https:\/\/puertoacapulco.com.mx\/#organization","name":"ASIPONA ACAPULCO","url":"https:\/\/puertoacapulco.com.mx\/","logo":{"@type":"ImageObject","inLanguage":"es","@id":"https:\/\/puertoacapulco.com.mx\/#\/schema\/logo\/image\/","url":"https:\/\/puertoacapulco.com.mx\/wp-content\/uploads\/2023\/09\/cropped-LOGO-ASIPONA-EN-CURVAS-COLOR-BLANCO-Y-NEGRO-01-1.png","contentUrl":"https:\/\/puertoacapulco.com.mx\/wp-content\/uploads\/2023\/09\/cropped-LOGO-ASIPONA-EN-CURVAS-COLOR-BLANCO-Y-NEGRO-01-1.png","width":2838,"height":3005,"caption":"ASIPONA ACAPULCO"},"image":{"@id":"https:\/\/puertoacapulco.com.mx\/#\/schema\/logo\/image\/"},"sameAs":["https:\/\/www.facebook.com\/PuertoAca","https:\/\/twitter.com\/PuertoAca"]}]}},"_links":{"self":[{"href":"https:\/\/puertoacapulco.com.mx\/index.php\/wp-json\/wp\/v2\/pages\/1646"}],"collection":[{"href":"https:\/\/puertoacapulco.com.mx\/index.php\/wp-json\/wp\/v2\/pages"}],"about":[{"href":"https:\/\/puertoacapulco.com.mx\/index.php\/wp-json\/wp\/v2\/types\/page"}],"author":[{"embeddable":true,"href":"https:\/\/puertoacapulco.com.mx\/index.php\/wp-json\/wp\/v2\/users\/1"}],"replies":[{"embeddable":true,"href":"https:\/\/puertoacapulco.com.mx\/index.php\/wp-json\/wp\/v2\/comments?post=1646"}],"version-history":[{"count":126,"href":"https:\/\/puertoacapulco.com.mx\/index.php\/wp-json\/wp\/v2\/pages\/1646\/revisions"}],"predecessor-version":[{"id":2899,"href":"https:\/\/puertoacapulco.com.mx\/index.php\/wp-json\/wp\/v2\/pages\/1646\/revisions\/2899"}],"wp:attachment":[{"href":"https:\/\/puertoacapulco.com.mx\/index.php\/wp-json\/wp\/v2\/media?parent=1646"}],"curies":[{"name":"wp","href":"https:\/\/api.w.org\/{rel}","templated":true}]}}